{"id":292285,"date":"2026-01-15T15:49:55","date_gmt":"2026-01-15T12:49:55","guid":{"rendered":"https:\/\/baldumarket.lt\/product\/biurko-pola-08-artisan-adrk\/"},"modified":"2026-02-11T18:15:54","modified_gmt":"2026-02-11T15:15:54","slug":"biurko-pola-08-artisan-adrk","status":"publish","type":"product","link":"https:\/\/baldumarket.lt\/lt\/product\/biurko-pola-08-artisan-adrk\/","title":{"rendered":"POLA 08 Artisan ADRK stalas"},"content":{"rendered":"<p>POLA ra\u0161omasis stalas puikiai tinka jaunimo kambariui, biurui ar studijai. Su stal\u010diumi ir spintele jis suteikia daug vietos biuro reikmenims susid\u0117ti. Platus, sta\u010diakampis stalvir\u0161is suteikia patogi\u0105 darbo ar studij\u0173 zon\u0105. Stilingas POLA ra\u0161omasis stalas neabejotinai papildys daugum\u0105 interjer\u0173. Raginame susipa\u017einti su kitais POLA kolekcijos gaminiais, kurie pad\u0117s skoningai \u012frengti namus.<\/p>","protected":false},"excerpt":{"rendered":"<p>Plotis (cm): 100<br \/>\n\u016agis (cm): 75<br \/>\nGylis (cm): 56<br \/>\nAsambl\u0117ja<br \/>\nSavaranki\u0161kas surinkimas<br \/>\nProdukto svoris [kg]: 26,5<\/p>","protected":false},"featured_media":292286,"comment_status":"open","ping_status":"open","template":"","meta":[],"product_brand":[],"product_cat":[9201,1312],"product_tag":[],"class_list":{"0":"post-292285","1":"product","2":"type-product","3":"status-publish","4":"has-post-thumbnail","6":"product_cat-adrk-furniture","7":"product_cat-desks","9":"first","10":"instock","11":"purchasable","12":"product-type-simple"},"_links":{"self":[{"href":"https:\/\/baldumarket.lt\/lt\/wp-json\/wp\/v2\/product\/292285","targetHints":{"allow":["GET"]}}],"collection":[{"href":"https:\/\/baldumarket.lt\/lt\/wp-json\/wp\/v2\/product"}],"about":[{"href":"https:\/\/baldumarket.lt\/lt\/wp-json\/wp\/v2\/types\/product"}],"replies":[{"embeddable":true,"href":"https:\/\/baldumarket.lt\/lt\/wp-json\/wp\/v2\/comments?post=292285"}],"wp:featuredmedia":[{"embeddable":true,"href":"https:\/\/baldumarket.lt\/lt\/wp-json\/wp\/v2\/media\/292286"}],"wp:attachment":[{"href":"https:\/\/baldumarket.lt\/lt\/wp-json\/wp\/v2\/media?parent=292285"}],"wp:term":[{"taxonomy":"product_brand","embeddable":true,"href":"https:\/\/baldumarket.lt\/lt\/wp-json\/wp\/v2\/product_brand?post=292285"},{"taxonomy":"product_cat","embeddable":true,"href":"https:\/\/baldumarket.lt\/lt\/wp-json\/wp\/v2\/product_cat?post=292285"},{"taxonomy":"product_tag","embeddable":true,"href":"https:\/\/baldumarket.lt\/lt\/wp-json\/wp\/v2\/product_tag?post=292285"}],"curies":[{"name":"wp","href":"https:\/\/api.w.org\/{rel}","templated":true}]}}