{"id":292281,"date":"2026-01-15T15:49:52","date_gmt":"2026-01-15T12:49:52","guid":{"rendered":"https:\/\/baldumarket.lt\/product\/stolik-kawowy-pola-09-120x56-artisan-adrk\/"},"modified":"2026-02-11T18:15:54","modified_gmt":"2026-02-11T15:15:54","slug":"stolik-kawowy-pola-09-120x56-artisan-adrk","status":"publish","type":"product","link":"https:\/\/baldumarket.lt\/lt\/product\/stolik-kawowy-pola-09-120x56-artisan-adrk\/","title":{"rendered":"POLA 09 Kavos staliukas 120\u00d756 Artisan ADRK"},"content":{"rendered":"<p>\u0160is kavos staliukas i\u0161 POLA kolekcijos yra skirtas svetainei. Nat\u016bralaus med\u017eio efekt\u0105 pary\u0161kina juodos spalvos akcentai ir intarpai. Modernus stilius tikrai pritrauks d\u0117mes\u012f. Jis puikiai tinka minimalistiniam interjerui. Raginame susipa\u017einti su kitais POLA kolekcijos gaminiais.<\/p>","protected":false},"excerpt":{"rendered":"<p>Plotis (cm): 120<br \/>\n\u016agis (cm): 51,5<br \/>\nGylis (cm): 56<br \/>\nSurinkimas: Savaranki\u0161kas surinkimas<br \/>\nProdukto svoris [kg]: 31<\/p>","protected":false},"featured_media":292282,"comment_status":"open","ping_status":"open","template":"","meta":[],"product_brand":[],"product_cat":[9201,866],"product_tag":[],"class_list":{"0":"post-292281","1":"product","2":"type-product","3":"status-publish","4":"has-post-thumbnail","6":"product_cat-adrk-furniture","7":"product_cat-coffee-tables","9":"first","10":"instock","11":"purchasable","12":"product-type-simple"},"_links":{"self":[{"href":"https:\/\/baldumarket.lt\/lt\/wp-json\/wp\/v2\/product\/292281","targetHints":{"allow":["GET"]}}],"collection":[{"href":"https:\/\/baldumarket.lt\/lt\/wp-json\/wp\/v2\/product"}],"about":[{"href":"https:\/\/baldumarket.lt\/lt\/wp-json\/wp\/v2\/types\/product"}],"replies":[{"embeddable":true,"href":"https:\/\/baldumarket.lt\/lt\/wp-json\/wp\/v2\/comments?post=292281"}],"wp:featuredmedia":[{"embeddable":true,"href":"https:\/\/baldumarket.lt\/lt\/wp-json\/wp\/v2\/media\/292282"}],"wp:attachment":[{"href":"https:\/\/baldumarket.lt\/lt\/wp-json\/wp\/v2\/media?parent=292281"}],"wp:term":[{"taxonomy":"product_brand","embeddable":true,"href":"https:\/\/baldumarket.lt\/lt\/wp-json\/wp\/v2\/product_brand?post=292281"},{"taxonomy":"product_cat","embeddable":true,"href":"https:\/\/baldumarket.lt\/lt\/wp-json\/wp\/v2\/product_cat?post=292281"},{"taxonomy":"product_tag","embeddable":true,"href":"https:\/\/baldumarket.lt\/lt\/wp-json\/wp\/v2\/product_tag?post=292281"}],"curies":[{"name":"wp","href":"https:\/\/api.w.org\/{rel}","templated":true}]}}