{"id":292277,"date":"2026-01-15T15:49:49","date_gmt":"2026-01-15T12:49:49","guid":{"rendered":"https:\/\/baldumarket.lt\/product\/polka-wiszaca-pola-10-artisan-adrk\/"},"modified":"2026-02-11T18:15:55","modified_gmt":"2026-02-11T15:15:55","slug":"polka-wiszaca-pola-10-artisan-adrk","status":"publish","type":"product","link":"https:\/\/baldumarket.lt\/lt\/product\/polka-wiszaca-pola-10-artisan-adrk\/","title":{"rendered":"POLA 10 Artisan ADRK pakabinama lentyna"},"content":{"rendered":"<p>Pakabinama lentyna i\u0161 POLA kolekcijos yra paprastas, bet funkcionalus baldas. Ant jos virtuv\u0117je galima laikyti prieskonius, svetain\u0117je \u2013 knygas, o svetain\u0117je \u2013 \u0161eimos nuotraukas. Raginame susipa\u017einti su kitais POLA kolekcijos gaminiais, kurie pad\u0117s skoningai \u012frengti namus.<\/p>","protected":false},"excerpt":{"rendered":"<p>Plotis (cm): 80<br \/>\n\u016agis (cm): 40<br \/>\nGylis (cm): 15<br \/>\nAsambl\u0117ja<br \/>\nsavaranki\u0161kam surinkimui<br \/>\nProdukto svoris [kg]: 6,5<\/p>","protected":false},"featured_media":292278,"comment_status":"open","ping_status":"open","template":"","meta":[],"product_brand":[],"product_cat":[9201,1174],"product_tag":[],"class_list":{"0":"post-292277","1":"product","2":"type-product","3":"status-publish","4":"has-post-thumbnail","6":"product_cat-adrk-furniture","7":"product_cat-hanging-shelves","9":"first","10":"instock","11":"purchasable","12":"product-type-simple"},"_links":{"self":[{"href":"https:\/\/baldumarket.lt\/lt\/wp-json\/wp\/v2\/product\/292277","targetHints":{"allow":["GET"]}}],"collection":[{"href":"https:\/\/baldumarket.lt\/lt\/wp-json\/wp\/v2\/product"}],"about":[{"href":"https:\/\/baldumarket.lt\/lt\/wp-json\/wp\/v2\/types\/product"}],"replies":[{"embeddable":true,"href":"https:\/\/baldumarket.lt\/lt\/wp-json\/wp\/v2\/comments?post=292277"}],"wp:featuredmedia":[{"embeddable":true,"href":"https:\/\/baldumarket.lt\/lt\/wp-json\/wp\/v2\/media\/292278"}],"wp:attachment":[{"href":"https:\/\/baldumarket.lt\/lt\/wp-json\/wp\/v2\/media?parent=292277"}],"wp:term":[{"taxonomy":"product_brand","embeddable":true,"href":"https:\/\/baldumarket.lt\/lt\/wp-json\/wp\/v2\/product_brand?post=292277"},{"taxonomy":"product_cat","embeddable":true,"href":"https:\/\/baldumarket.lt\/lt\/wp-json\/wp\/v2\/product_cat?post=292277"},{"taxonomy":"product_tag","embeddable":true,"href":"https:\/\/baldumarket.lt\/lt\/wp-json\/wp\/v2\/product_tag?post=292277"}],"curies":[{"name":"wp","href":"https:\/\/api.w.org\/{rel}","templated":true}]}}