{"id":292272,"date":"2026-01-15T15:49:46","date_gmt":"2026-01-15T12:49:46","guid":{"rendered":"https:\/\/baldumarket.lt\/product\/szafka-nocna-pola-14-artisan-adrk\/"},"modified":"2026-02-11T18:15:55","modified_gmt":"2026-02-11T15:15:55","slug":"szafka-nocna-pola-14-artisan-adrk","status":"publish","type":"product","link":"https:\/\/baldumarket.lt\/lt\/product\/szafka-nocna-pola-14-artisan-adrk\/","title":{"rendered":"POLA 14 Amatininkas ADRK naktinis staliukas"},"content":{"rendered":"<p>\u0160is naktinis staliukas i\u0161 POLA kolekcijos yra miegamojo baldas. Nat\u016bralaus med\u017eio efekt\u0105 pary\u0161kina juodos spalvos akcentai ir \u012fd\u0117klai. Modernus stilius tikrai pritrauks d\u0117mes\u012f. Jis puikiai tinka minimalistiniam interjerui. Raginame susipa\u017einti su kitais POLA kolekcijos gaminiais.<\/p>","protected":false},"excerpt":{"rendered":"<p>Plotis (cm): 40<br \/>\n\u016agis (cm): 52<br \/>\nGylis (cm): 40<br \/>\nAsambl\u0117ja<br \/>\nsavaranki\u0161kam surinkimui<br \/>\nProdukto svoris [kg]: 11<\/p>","protected":false},"featured_media":292273,"comment_status":"open","ping_status":"open","template":"","meta":[],"product_brand":[],"product_cat":[9201,1176],"product_tag":[],"class_list":{"0":"post-292272","1":"product","2":"type-product","3":"status-publish","4":"has-post-thumbnail","6":"product_cat-adrk-furniture","7":"product_cat-bedside-tables","9":"first","10":"instock","11":"purchasable","12":"product-type-simple"},"_links":{"self":[{"href":"https:\/\/baldumarket.lt\/lt\/wp-json\/wp\/v2\/product\/292272","targetHints":{"allow":["GET"]}}],"collection":[{"href":"https:\/\/baldumarket.lt\/lt\/wp-json\/wp\/v2\/product"}],"about":[{"href":"https:\/\/baldumarket.lt\/lt\/wp-json\/wp\/v2\/types\/product"}],"replies":[{"embeddable":true,"href":"https:\/\/baldumarket.lt\/lt\/wp-json\/wp\/v2\/comments?post=292272"}],"wp:featuredmedia":[{"embeddable":true,"href":"https:\/\/baldumarket.lt\/lt\/wp-json\/wp\/v2\/media\/292273"}],"wp:attachment":[{"href":"https:\/\/baldumarket.lt\/lt\/wp-json\/wp\/v2\/media?parent=292272"}],"wp:term":[{"taxonomy":"product_brand","embeddable":true,"href":"https:\/\/baldumarket.lt\/lt\/wp-json\/wp\/v2\/product_brand?post=292272"},{"taxonomy":"product_cat","embeddable":true,"href":"https:\/\/baldumarket.lt\/lt\/wp-json\/wp\/v2\/product_cat?post=292272"},{"taxonomy":"product_tag","embeddable":true,"href":"https:\/\/baldumarket.lt\/lt\/wp-json\/wp\/v2\/product_tag?post=292272"}],"curies":[{"name":"wp","href":"https:\/\/api.w.org\/{rel}","templated":true}]}}