{"id":292255,"date":"2026-01-15T15:49:34","date_gmt":"2026-01-15T12:49:34","guid":{"rendered":"https:\/\/baldumarket.lt\/product\/biurko-maro-artisan-czarny-adrk\/"},"modified":"2026-02-11T18:15:55","modified_gmt":"2026-02-11T15:15:55","slug":"biurko-maro-artisan-czarny-adrk","status":"publish","type":"product","link":"https:\/\/baldumarket.lt\/lt\/product\/biurko-maro-artisan-czarny-adrk\/","title":{"rendered":"MARO Artisan ra\u0161omasis stalas\/juodas ADRK"},"content":{"rendered":"<p>MARO ra\u0161omasis stalas puikiai tinka paauglio kambariui, biurui ar studijai. Platus, sta\u010diakampis stalvir\u0161is suteikia patogi\u0105 darbo viet\u0105. Paprasta konstrukcija ir modernus dizainas pavers MARO stal\u0105 puikiu bet kokio interjero papildymu.<\/p>","protected":false},"excerpt":{"rendered":"<p>Plotis (cm): 135<br \/>\n\u016agis (cm): 75,2<br \/>\nGylis (cm): 65<br \/>\nAsambl\u0117ja<br \/>\nSavaranki\u0161kas surinkimas<br \/>\nProdukto svoris [kg]: 28<br \/>\nStalvir\u0161io forma<br \/>\nSta\u010diakampis<\/p>","protected":false},"featured_media":292256,"comment_status":"open","ping_status":"open","template":"","meta":[],"product_brand":[],"product_cat":[9201,1312],"product_tag":[],"class_list":{"0":"post-292255","1":"product","2":"type-product","3":"status-publish","4":"has-post-thumbnail","6":"product_cat-adrk-furniture","7":"product_cat-desks","9":"first","10":"instock","11":"purchasable","12":"product-type-simple"},"_links":{"self":[{"href":"https:\/\/baldumarket.lt\/lt\/wp-json\/wp\/v2\/product\/292255","targetHints":{"allow":["GET"]}}],"collection":[{"href":"https:\/\/baldumarket.lt\/lt\/wp-json\/wp\/v2\/product"}],"about":[{"href":"https:\/\/baldumarket.lt\/lt\/wp-json\/wp\/v2\/types\/product"}],"replies":[{"embeddable":true,"href":"https:\/\/baldumarket.lt\/lt\/wp-json\/wp\/v2\/comments?post=292255"}],"wp:featuredmedia":[{"embeddable":true,"href":"https:\/\/baldumarket.lt\/lt\/wp-json\/wp\/v2\/media\/292256"}],"wp:attachment":[{"href":"https:\/\/baldumarket.lt\/lt\/wp-json\/wp\/v2\/media?parent=292255"}],"wp:term":[{"taxonomy":"product_brand","embeddable":true,"href":"https:\/\/baldumarket.lt\/lt\/wp-json\/wp\/v2\/product_brand?post=292255"},{"taxonomy":"product_cat","embeddable":true,"href":"https:\/\/baldumarket.lt\/lt\/wp-json\/wp\/v2\/product_cat?post=292255"},{"taxonomy":"product_tag","embeddable":true,"href":"https:\/\/baldumarket.lt\/lt\/wp-json\/wp\/v2\/product_tag?post=292255"}],"curies":[{"name":"wp","href":"https:\/\/api.w.org\/{rel}","templated":true}]}}