{"id":292230,"date":"2026-01-15T15:49:17","date_gmt":"2026-01-15T12:49:17","guid":{"rendered":"https:\/\/baldumarket.lt\/product\/lozko-podwojne-z-materacami-hela-ii-200x80-bialy-adrk\/"},"modified":"2026-02-11T18:15:55","modified_gmt":"2026-02-11T15:15:55","slug":"lozko-podwojne-z-materacami-hela-ii-200x80-bialy-adrk","status":"publish","type":"product","link":"https:\/\/baldumarket.lt\/lt\/product\/lozko-podwojne-z-materacami-hela-ii-200x80-bialy-adrk\/","title":{"rendered":"Dvigul\u0117 lova su \u010diu\u017einiais HELA II 200\u00d780 balta ADRK"},"content":{"rendered":"<p>Jaunimo lova \u201eHela II\u201c puikiai tinka paauglio kambariui, kuriam kasdieniam naudojimui reikalinga patogi sofa, o i\u0161skleista lova gali m\u0117gautis erdvia miegojimo zona. \u201eHela II\u201c taip pat puikus sprendimas netik\u0117tiems sve\u010diams, nes jos miegojimo zona yra 160 \u00d7 200 cm.<\/p>","protected":false},"excerpt":{"rendered":"<p>Plotis (cm): 86<br \/>\n\u016agis (cm): 75<br \/>\nGylis (cm): 205<br \/>\nAsambl\u0117ja<br \/>\nSavaranki\u0161kas surinkimas<br \/>\nProdukto svoris [kg]: 101,5<br \/>\n\u010ciu\u017einio dydis<br \/>\n160&#215;200<\/p>","protected":false},"featured_media":292231,"comment_status":"open","ping_status":"open","template":"","meta":[],"product_brand":[],"product_cat":[9201,505],"product_tag":[],"class_list":{"0":"post-292230","1":"product","2":"type-product","3":"status-publish","4":"has-post-thumbnail","6":"product_cat-adrk-furniture","7":"product_cat-bedroom-beds","9":"first","10":"instock","11":"purchasable","12":"product-type-simple"},"_links":{"self":[{"href":"https:\/\/baldumarket.lt\/lt\/wp-json\/wp\/v2\/product\/292230","targetHints":{"allow":["GET"]}}],"collection":[{"href":"https:\/\/baldumarket.lt\/lt\/wp-json\/wp\/v2\/product"}],"about":[{"href":"https:\/\/baldumarket.lt\/lt\/wp-json\/wp\/v2\/types\/product"}],"replies":[{"embeddable":true,"href":"https:\/\/baldumarket.lt\/lt\/wp-json\/wp\/v2\/comments?post=292230"}],"wp:featuredmedia":[{"embeddable":true,"href":"https:\/\/baldumarket.lt\/lt\/wp-json\/wp\/v2\/media\/292231"}],"wp:attachment":[{"href":"https:\/\/baldumarket.lt\/lt\/wp-json\/wp\/v2\/media?parent=292230"}],"wp:term":[{"taxonomy":"product_brand","embeddable":true,"href":"https:\/\/baldumarket.lt\/lt\/wp-json\/wp\/v2\/product_brand?post=292230"},{"taxonomy":"product_cat","embeddable":true,"href":"https:\/\/baldumarket.lt\/lt\/wp-json\/wp\/v2\/product_cat?post=292230"},{"taxonomy":"product_tag","embeddable":true,"href":"https:\/\/baldumarket.lt\/lt\/wp-json\/wp\/v2\/product_tag?post=292230"}],"curies":[{"name":"wp","href":"https:\/\/api.w.org\/{rel}","templated":true}]}}