{"id":292225,"date":"2026-01-15T15:49:14","date_gmt":"2026-01-15T12:49:14","guid":{"rendered":"https:\/\/baldumarket.lt\/product\/lozko-podwojne-z-materacami-pepe-ii-girl-with-wings-160x80-bialy-adrk\/"},"modified":"2026-02-11T18:15:55","modified_gmt":"2026-02-11T15:15:55","slug":"lozko-podwojne-z-materacami-pepe-ii-girl-with-wings-160x80-bialy-adrk","status":"publish","type":"product","link":"https:\/\/baldumarket.lt\/lt\/product\/lozko-podwojne-z-materacami-pepe-ii-girl-with-wings-160x80-bialy-adrk\/","title":{"rendered":"Dvigul\u0117 lova su \u010diu\u017einiais PEPE II MERGAIT\u0116 SU SPARNAIS 160\u00d780 Balta ADRK"},"content":{"rendered":"<p>\u0160i paprastos formos dvigul\u0117 lova i\u0161 PEPE II kolekcijos turi stal\u010di\u0173 su miegojimo funkcija, tod\u0117l puikiai tinka kambariui dviem broliams ir seserims. Ji taip pat idealiai tinka netik\u0117tiems sve\u010diams. D\u0117l plataus grafikos pasirinkimo lengvai rasite model\u012f, kuris geriausiai atitinka j\u016bs\u0173 vaiko pom\u0117gius. Gamybos procese naudojami ekologi\u0161ki, vandens pagrindo da\u017eai, tod\u0117l jie yra saug\u016bs ir atspar\u016bs mechaniniams pa\u017eeidimams. Be to, lova neturi a\u0161tri\u0173 kamp\u0173, o grafika yra laminuota. Papildomas privalumas \u2013 u\u017etrauktuku u\u017esegamas \u010diu\u017einio u\u017evalkalas, kur\u012f lengva nuimti ir i\u0161skalbti. Be to, lovoje galima \u012frengti apsaugin\u012f tur\u0117kl\u0105, kad b\u016bt\u0173 u\u017etikrintas didesnis saugumas miegant.<\/p>","protected":false},"excerpt":{"rendered":"<p>Plotis (cm): 88<br \/>\n\u016agis (cm): 63<br \/>\nGylis (cm): 164<br \/>\nAsambl\u0117ja<br \/>\nSavaranki\u0161kas surinkimas<br \/>\nProdukto svoris [kg]: 54<\/p>","protected":false},"featured_media":292226,"comment_status":"open","ping_status":"open","template":"","meta":[],"product_brand":[],"product_cat":[9201,505],"product_tag":[],"class_list":{"0":"post-292225","1":"product","2":"type-product","3":"status-publish","4":"has-post-thumbnail","6":"product_cat-adrk-furniture","7":"product_cat-bedroom-beds","9":"first","10":"instock","11":"purchasable","12":"product-type-simple"},"_links":{"self":[{"href":"https:\/\/baldumarket.lt\/lt\/wp-json\/wp\/v2\/product\/292225","targetHints":{"allow":["GET"]}}],"collection":[{"href":"https:\/\/baldumarket.lt\/lt\/wp-json\/wp\/v2\/product"}],"about":[{"href":"https:\/\/baldumarket.lt\/lt\/wp-json\/wp\/v2\/types\/product"}],"replies":[{"embeddable":true,"href":"https:\/\/baldumarket.lt\/lt\/wp-json\/wp\/v2\/comments?post=292225"}],"wp:featuredmedia":[{"embeddable":true,"href":"https:\/\/baldumarket.lt\/lt\/wp-json\/wp\/v2\/media\/292226"}],"wp:attachment":[{"href":"https:\/\/baldumarket.lt\/lt\/wp-json\/wp\/v2\/media?parent=292225"}],"wp:term":[{"taxonomy":"product_brand","embeddable":true,"href":"https:\/\/baldumarket.lt\/lt\/wp-json\/wp\/v2\/product_brand?post=292225"},{"taxonomy":"product_cat","embeddable":true,"href":"https:\/\/baldumarket.lt\/lt\/wp-json\/wp\/v2\/product_cat?post=292225"},{"taxonomy":"product_tag","embeddable":true,"href":"https:\/\/baldumarket.lt\/lt\/wp-json\/wp\/v2\/product_tag?post=292225"}],"curies":[{"name":"wp","href":"https:\/\/api.w.org\/{rel}","templated":true}]}}