{"id":292216,"date":"2026-01-15T15:49:08","date_gmt":"2026-01-15T12:49:08","guid":{"rendered":"https:\/\/baldumarket.lt\/product\/lozko-dzieciece-z-materacem-marcello-bialy-adrk\/"},"modified":"2026-02-11T18:15:56","modified_gmt":"2026-02-11T15:15:56","slug":"lozko-dzieciece-z-materacem-marcello-bialy-adrk","status":"publish","type":"product","link":"https:\/\/baldumarket.lt\/lt\/product\/lozko-dzieciece-z-materacem-marcello-bialy-adrk\/","title":{"rendered":"Vaiki\u0161ka lova su \u010diu\u017einiu MARCELLO balta ADRK"},"content":{"rendered":"<p>\u0160i viengul\u0117 lova i\u0161 MARCELLO kolekcijos, pasi\u017eyminti paprastomis formomis ir matine balta apdaila, puikiai tiks jaunimo ar vaik\u0173 kambaryje. Komplekt\u0105 sudaro patogus put\u0173 poliuretano \u010diu\u017einys su nuimamu u\u017evalkalu ir FLEX r\u0117mu. Lov\u0105 galima papildyti prakti\u0161ku stal\u010diumi patalynei.<\/p>","protected":false},"excerpt":{"rendered":"<p>Plotis (cm): 97<br \/>\n\u016agis (cm): 65<br \/>\nGylis (cm): 207<br \/>\nAsambl\u0117ja<br \/>\nSavaranki\u0161kas surinkimas<br \/>\nProdukto svoris [kg]: 36,5<br \/>\n\u010ciu\u017einio dydis<br \/>\n90&#215;200<\/p>","protected":false},"featured_media":292217,"comment_status":"open","ping_status":"open","template":"","meta":[],"product_brand":[],"product_cat":[9201,505],"product_tag":[],"class_list":{"0":"post-292216","1":"product","2":"type-product","3":"status-publish","4":"has-post-thumbnail","6":"product_cat-adrk-furniture","7":"product_cat-bedroom-beds","9":"first","10":"instock","11":"purchasable","12":"product-type-simple"},"_links":{"self":[{"href":"https:\/\/baldumarket.lt\/lt\/wp-json\/wp\/v2\/product\/292216","targetHints":{"allow":["GET"]}}],"collection":[{"href":"https:\/\/baldumarket.lt\/lt\/wp-json\/wp\/v2\/product"}],"about":[{"href":"https:\/\/baldumarket.lt\/lt\/wp-json\/wp\/v2\/types\/product"}],"replies":[{"embeddable":true,"href":"https:\/\/baldumarket.lt\/lt\/wp-json\/wp\/v2\/comments?post=292216"}],"wp:featuredmedia":[{"embeddable":true,"href":"https:\/\/baldumarket.lt\/lt\/wp-json\/wp\/v2\/media\/292217"}],"wp:attachment":[{"href":"https:\/\/baldumarket.lt\/lt\/wp-json\/wp\/v2\/media?parent=292216"}],"wp:term":[{"taxonomy":"product_brand","embeddable":true,"href":"https:\/\/baldumarket.lt\/lt\/wp-json\/wp\/v2\/product_brand?post=292216"},{"taxonomy":"product_cat","embeddable":true,"href":"https:\/\/baldumarket.lt\/lt\/wp-json\/wp\/v2\/product_cat?post=292216"},{"taxonomy":"product_tag","embeddable":true,"href":"https:\/\/baldumarket.lt\/lt\/wp-json\/wp\/v2\/product_tag?post=292216"}],"curies":[{"name":"wp","href":"https:\/\/api.w.org\/{rel}","templated":true}]}}