{"id":292121,"date":"2026-01-15T15:47:51","date_gmt":"2026-01-15T12:47:51","guid":{"rendered":"https:\/\/baldumarket.lt\/product\/zestaw-stol-z-krzeslami-rodos-81-ciemny-orzech-adrk\/"},"modified":"2026-02-11T18:15:57","modified_gmt":"2026-02-11T15:15:57","slug":"zestaw-stol-z-krzeslami-rodos-81-ciemny-orzech-adrk","status":"publish","type":"product","link":"https:\/\/baldumarket.lt\/lt\/product\/zestaw-stol-z-krzeslami-rodos-81-ciemny-orzech-adrk\/","title":{"rendered":"RODOS 81 Tamsaus rie\u0161uto spalvos ADRK stalo ir k\u0117d\u017ei\u0173 komplektas"},"content":{"rendered":"<p>RODOS 81 komplektas puikiai tiks j\u016bs\u0173 valgomajam. Komplekt\u0105 sudaro stalas su sta\u010diakampiu stalvir\u0161iu ir \u0161e\u0161ios apmu\u0161tos k\u0117d\u0117s. Stal\u0105 galima prailginti naudojant prailginim\u0105, kuris prailgina stalvir\u0161\u012f iki 180 cm. \u0160ios stilingos k\u0117d\u0117s pasi\u017eymi tvirtomis buko medienos kojel\u0117mis ir apmu\u0161ta s\u0117dyne bei atlo\u0161u, kuriuos galima pasirinkti i\u0161 audini\u0173, parodyt\u0173 galerijoje. D\u0117l plataus spalv\u0173 pasirinkimo komplektas tiks bet kokiam interjerui ir papildys j\u016bs\u0173 svetain\u0119, virtuv\u0119 ar valgom\u0105j\u012f.<\/p>","protected":false},"excerpt":{"rendered":"<p>Plotis (cm): 80<br \/>\n\u016agis (cm): 90<br \/>\nGylis (cm): 42<br \/>\nAsambl\u0117ja<br \/>\nSavaranki\u0161kas surinkimas<br \/>\nProdukto svoris [kg]: 77<\/p>","protected":false},"featured_media":292122,"comment_status":"open","ping_status":"open","template":"","meta":[],"product_brand":[],"product_cat":[9201,9121],"product_tag":[],"class_list":{"0":"post-292121","1":"product","2":"type-product","3":"status-publish","4":"has-post-thumbnail","6":"product_cat-adrk-furniture","7":"product_cat-table-sets","9":"first","10":"instock","11":"purchasable","12":"product-type-simple"},"_links":{"self":[{"href":"https:\/\/baldumarket.lt\/lt\/wp-json\/wp\/v2\/product\/292121","targetHints":{"allow":["GET"]}}],"collection":[{"href":"https:\/\/baldumarket.lt\/lt\/wp-json\/wp\/v2\/product"}],"about":[{"href":"https:\/\/baldumarket.lt\/lt\/wp-json\/wp\/v2\/types\/product"}],"replies":[{"embeddable":true,"href":"https:\/\/baldumarket.lt\/lt\/wp-json\/wp\/v2\/comments?post=292121"}],"wp:featuredmedia":[{"embeddable":true,"href":"https:\/\/baldumarket.lt\/lt\/wp-json\/wp\/v2\/media\/292122"}],"wp:attachment":[{"href":"https:\/\/baldumarket.lt\/lt\/wp-json\/wp\/v2\/media?parent=292121"}],"wp:term":[{"taxonomy":"product_brand","embeddable":true,"href":"https:\/\/baldumarket.lt\/lt\/wp-json\/wp\/v2\/product_brand?post=292121"},{"taxonomy":"product_cat","embeddable":true,"href":"https:\/\/baldumarket.lt\/lt\/wp-json\/wp\/v2\/product_cat?post=292121"},{"taxonomy":"product_tag","embeddable":true,"href":"https:\/\/baldumarket.lt\/lt\/wp-json\/wp\/v2\/product_tag?post=292121"}],"curies":[{"name":"wp","href":"https:\/\/api.w.org\/{rel}","templated":true}]}}