{"id":292106,"date":"2026-01-15T15:47:41","date_gmt":"2026-01-15T12:47:41","guid":{"rendered":"https:\/\/baldumarket.lt\/product\/krzeslo-rodos-81-czarny-adrk\/"},"modified":"2026-02-11T18:15:58","modified_gmt":"2026-02-11T15:15:58","slug":"krzeslo-rodos-81-czarny-adrk","status":"publish","type":"product","link":"https:\/\/baldumarket.lt\/lt\/product\/krzeslo-rodos-81-czarny-adrk\/","title":{"rendered":"RODOS 81 k\u0117d\u0117, juoda, ADRK"},"content":{"rendered":"<p>Stilinga RODOS 81 k\u0117d\u0117 \u2013 puikus j\u016bs\u0173 valgomojo papildymas. Ji pasi\u017eymi tvirtomis buko medienos kojel\u0117mis ir aptraukta s\u0117dyne bei atlo\u0161u, kuriuos galima rinktis i\u0161 \u012fvairi\u0173 audini\u0173 i\u0161 galerijoje parodyt\u0173. D\u0117l plataus spalv\u0173 pasirinkimo k\u0117d\u0117 papildys bet kok\u012f interjer\u0105 ir papuo\u0161 j\u016bs\u0173 svetain\u0119, virtuv\u0119 ar valgom\u0105j\u012f.<\/p>","protected":false},"excerpt":{"rendered":"<p>Plotis (cm): 42<br \/>\n\u016agis (cm): 90<br \/>\nGylis (cm): 42<br \/>\nAsambl\u0117ja<br \/>\nSavaranki\u0161kas surinkimas<br \/>\nProdukto svoris [kg]: 7<\/p>","protected":false},"featured_media":292107,"comment_status":"open","ping_status":"open","template":"","meta":[],"product_brand":[],"product_cat":[9201,1930],"product_tag":[],"class_list":{"0":"post-292106","1":"product","2":"type-product","3":"status-publish","4":"has-post-thumbnail","6":"product_cat-adrk-furniture","7":"product_cat-chairs","9":"first","10":"instock","11":"purchasable","12":"product-type-simple"},"_links":{"self":[{"href":"https:\/\/baldumarket.lt\/lt\/wp-json\/wp\/v2\/product\/292106","targetHints":{"allow":["GET"]}}],"collection":[{"href":"https:\/\/baldumarket.lt\/lt\/wp-json\/wp\/v2\/product"}],"about":[{"href":"https:\/\/baldumarket.lt\/lt\/wp-json\/wp\/v2\/types\/product"}],"replies":[{"embeddable":true,"href":"https:\/\/baldumarket.lt\/lt\/wp-json\/wp\/v2\/comments?post=292106"}],"wp:featuredmedia":[{"embeddable":true,"href":"https:\/\/baldumarket.lt\/lt\/wp-json\/wp\/v2\/media\/292107"}],"wp:attachment":[{"href":"https:\/\/baldumarket.lt\/lt\/wp-json\/wp\/v2\/media?parent=292106"}],"wp:term":[{"taxonomy":"product_brand","embeddable":true,"href":"https:\/\/baldumarket.lt\/lt\/wp-json\/wp\/v2\/product_brand?post=292106"},{"taxonomy":"product_cat","embeddable":true,"href":"https:\/\/baldumarket.lt\/lt\/wp-json\/wp\/v2\/product_cat?post=292106"},{"taxonomy":"product_tag","embeddable":true,"href":"https:\/\/baldumarket.lt\/lt\/wp-json\/wp\/v2\/product_tag?post=292106"}],"curies":[{"name":"wp","href":"https:\/\/api.w.org\/{rel}","templated":true}]}}