{"id":292005,"date":"2026-01-15T15:46:25","date_gmt":"2026-01-15T12:46:25","guid":{"rendered":"https:\/\/baldumarket.lt\/product\/stol-rozkladany-rodos-82-ciemny-orzech-adrk\/"},"modified":"2026-02-11T18:16:00","modified_gmt":"2026-02-11T15:16:00","slug":"stol-rozkladany-rodos-82-ciemny-orzech-adrk","status":"publish","type":"product","link":"https:\/\/baldumarket.lt\/lt\/product\/stol-rozkladany-rodos-82-ciemny-orzech-adrk\/","title":{"rendered":"RODOS 82 Prailginamas stalas, tamsaus rie\u0161uto spalvos, ADRK"},"content":{"rendered":"<p>RODOS 82 stalas \u2013 puikus j\u016bs\u0173 valgomojo papildymas. Sta\u010diakamp\u012f stalvir\u0161\u012f galima prailginti naudojant prailginim\u0105, taip padidinant stalvir\u0161io ilg\u012f iki 180 cm. D\u0117l plataus spalv\u0173 pasirinkimo \u0161is stalvir\u0161is tiks bet kokiam interjerui ir papildys j\u016bs\u0173 svetain\u0119, virtuv\u0119 ar valgom\u0105j\u012f\u2026<\/p>","protected":false},"excerpt":{"rendered":"<p>Plotis (cm): 80<br \/>\n\u016agis (cm): 75<br \/>\nGylis (cm): 140<br \/>\nAsambl\u0117ja<br \/>\nSavaranki\u0161kas surinkimas<br \/>\nProdukto svoris [kg]: 35<br \/>\nStalvir\u0161io forma<br \/>\nSta\u010diakampis<\/p>","protected":false},"featured_media":292006,"comment_status":"open","ping_status":"open","template":"","meta":[],"product_brand":[],"product_cat":[9201,1934],"product_tag":[],"class_list":{"0":"post-292005","1":"product","2":"type-product","3":"status-publish","4":"has-post-thumbnail","6":"product_cat-adrk-furniture","7":"product_cat-tables","9":"first","10":"instock","11":"purchasable","12":"product-type-simple"},"_links":{"self":[{"href":"https:\/\/baldumarket.lt\/lt\/wp-json\/wp\/v2\/product\/292005","targetHints":{"allow":["GET"]}}],"collection":[{"href":"https:\/\/baldumarket.lt\/lt\/wp-json\/wp\/v2\/product"}],"about":[{"href":"https:\/\/baldumarket.lt\/lt\/wp-json\/wp\/v2\/types\/product"}],"replies":[{"embeddable":true,"href":"https:\/\/baldumarket.lt\/lt\/wp-json\/wp\/v2\/comments?post=292005"}],"wp:featuredmedia":[{"embeddable":true,"href":"https:\/\/baldumarket.lt\/lt\/wp-json\/wp\/v2\/media\/292006"}],"wp:attachment":[{"href":"https:\/\/baldumarket.lt\/lt\/wp-json\/wp\/v2\/media?parent=292005"}],"wp:term":[{"taxonomy":"product_brand","embeddable":true,"href":"https:\/\/baldumarket.lt\/lt\/wp-json\/wp\/v2\/product_brand?post=292005"},{"taxonomy":"product_cat","embeddable":true,"href":"https:\/\/baldumarket.lt\/lt\/wp-json\/wp\/v2\/product_cat?post=292005"},{"taxonomy":"product_tag","embeddable":true,"href":"https:\/\/baldumarket.lt\/lt\/wp-json\/wp\/v2\/product_tag?post=292005"}],"curies":[{"name":"wp","href":"https:\/\/api.w.org\/{rel}","templated":true}]}}