{"id":291986,"date":"2026-01-15T15:46:05","date_gmt":"2026-01-15T12:46:05","guid":{"rendered":"https:\/\/baldumarket.lt\/product\/stolik-kawowy-sana-90x50-bialy-sonoma-adrk\/"},"modified":"2026-02-11T18:16:00","modified_gmt":"2026-02-11T15:16:00","slug":"stolik-kawowy-sana-90x50-bialy-sonoma-adrk","status":"publish","type":"product","link":"https:\/\/baldumarket.lt\/lt\/product\/stolik-kawowy-sana-90x50-bialy-sonoma-adrk\/","title":{"rendered":"SANA kavos staliukas, 90&#215;50, baltas\/Sonoma, ADRK"},"content":{"rendered":"<p>\u0160is skandinavi\u0161ko stiliaus kavos staliukas i\u0161 SANA kolekcijos tinka tiek modernioms svetain\u0117ms, tiek ma\u017eesn\u0117ms patalpoms. Jame yra papildoma lentyna kasdieniams daiktams. Tai puiki vieta atsipalaiduoti su puodeliu kavos.<\/p>","protected":false},"excerpt":{"rendered":"<p>Plotis (cm): 90<br \/>\n\u016agis (cm): 55<br \/>\nGylis (cm): 50<br \/>\nAsambl\u0117ja<br \/>\nSavaranki\u0161kas surinkimas<br \/>\nProdukto svoris [kg]: 20<br \/>\nStalvir\u0161io forma<br \/>\nSta\u010diakampis<\/p>","protected":false},"featured_media":291987,"comment_status":"open","ping_status":"open","template":"","meta":[],"product_brand":[],"product_cat":[9201,866],"product_tag":[],"class_list":{"0":"post-291986","1":"product","2":"type-product","3":"status-publish","4":"has-post-thumbnail","6":"product_cat-adrk-furniture","7":"product_cat-coffee-tables","9":"first","10":"instock","11":"purchasable","12":"product-type-simple"},"_links":{"self":[{"href":"https:\/\/baldumarket.lt\/lt\/wp-json\/wp\/v2\/product\/291986","targetHints":{"allow":["GET"]}}],"collection":[{"href":"https:\/\/baldumarket.lt\/lt\/wp-json\/wp\/v2\/product"}],"about":[{"href":"https:\/\/baldumarket.lt\/lt\/wp-json\/wp\/v2\/types\/product"}],"replies":[{"embeddable":true,"href":"https:\/\/baldumarket.lt\/lt\/wp-json\/wp\/v2\/comments?post=291986"}],"wp:featuredmedia":[{"embeddable":true,"href":"https:\/\/baldumarket.lt\/lt\/wp-json\/wp\/v2\/media\/291987"}],"wp:attachment":[{"href":"https:\/\/baldumarket.lt\/lt\/wp-json\/wp\/v2\/media?parent=291986"}],"wp:term":[{"taxonomy":"product_brand","embeddable":true,"href":"https:\/\/baldumarket.lt\/lt\/wp-json\/wp\/v2\/product_brand?post=291986"},{"taxonomy":"product_cat","embeddable":true,"href":"https:\/\/baldumarket.lt\/lt\/wp-json\/wp\/v2\/product_cat?post=291986"},{"taxonomy":"product_tag","embeddable":true,"href":"https:\/\/baldumarket.lt\/lt\/wp-json\/wp\/v2\/product_tag?post=291986"}],"curies":[{"name":"wp","href":"https:\/\/api.w.org\/{rel}","templated":true}]}}