{"id":291976,"date":"2026-01-15T15:45:58","date_gmt":"2026-01-15T12:45:58","guid":{"rendered":"https:\/\/baldumarket.lt\/product\/rtv-petra-bialy-craft-gold-adrk\/"},"modified":"2026-02-11T18:16:00","modified_gmt":"2026-02-11T15:16:00","slug":"rtv-petra-bialy-craft-gold-adrk","status":"publish","type":"product","link":"https:\/\/baldumarket.lt\/lt\/product\/rtv-petra-bialy-craft-gold-adrk\/","title":{"rendered":"RTV PETRA balta\/auksin\u0117 ADRK"},"content":{"rendered":"<p>PETRA televizoriaus staliukas pasi\u017eymi paprastu ir moderniu dizainu. Ni\u0161oje ir dviejose erdviose spintel\u0117se yra daug vietos \u012frangai ir knygoms laikyti. PETRA tinka tiek klasikiniam, tiek moderniam interjerui.<\/p>","protected":false},"excerpt":{"rendered":"<p>Plotis (cm): 155<br \/>\n\u016agis (cm): 50<br \/>\nGylis (cm): 40<br \/>\nAsambl\u0117ja<br \/>\nSavaranki\u0161kas surinkimas<br \/>\nProdukto svoris [kg]: 30<\/p>","protected":false},"featured_media":291977,"comment_status":"open","ping_status":"open","template":"","meta":[],"product_brand":[],"product_cat":[9201,1175],"product_tag":[],"class_list":{"0":"post-291976","1":"product","2":"type-product","3":"status-publish","4":"has-post-thumbnail","6":"product_cat-adrk-furniture","7":"product_cat-tv-stands","9":"first","10":"instock","11":"purchasable","12":"product-type-simple"},"_links":{"self":[{"href":"https:\/\/baldumarket.lt\/lt\/wp-json\/wp\/v2\/product\/291976","targetHints":{"allow":["GET"]}}],"collection":[{"href":"https:\/\/baldumarket.lt\/lt\/wp-json\/wp\/v2\/product"}],"about":[{"href":"https:\/\/baldumarket.lt\/lt\/wp-json\/wp\/v2\/types\/product"}],"replies":[{"embeddable":true,"href":"https:\/\/baldumarket.lt\/lt\/wp-json\/wp\/v2\/comments?post=291976"}],"wp:featuredmedia":[{"embeddable":true,"href":"https:\/\/baldumarket.lt\/lt\/wp-json\/wp\/v2\/media\/291977"}],"wp:attachment":[{"href":"https:\/\/baldumarket.lt\/lt\/wp-json\/wp\/v2\/media?parent=291976"}],"wp:term":[{"taxonomy":"product_brand","embeddable":true,"href":"https:\/\/baldumarket.lt\/lt\/wp-json\/wp\/v2\/product_brand?post=291976"},{"taxonomy":"product_cat","embeddable":true,"href":"https:\/\/baldumarket.lt\/lt\/wp-json\/wp\/v2\/product_cat?post=291976"},{"taxonomy":"product_tag","embeddable":true,"href":"https:\/\/baldumarket.lt\/lt\/wp-json\/wp\/v2\/product_tag?post=291976"}],"curies":[{"name":"wp","href":"https:\/\/api.w.org\/{rel}","templated":true}]}}