{"id":291971,"date":"2026-01-15T15:45:54","date_gmt":"2026-01-15T12:45:54","guid":{"rendered":"https:\/\/baldumarket.lt\/product\/regal-fonzi-90x40-bialy-sonoma-adrk\/"},"modified":"2026-02-11T18:16:00","modified_gmt":"2026-02-11T15:16:00","slug":"regal-fonzi-90x40-bialy-sonoma-adrk","status":"publish","type":"product","link":"https:\/\/baldumarket.lt\/lt\/product\/regal-fonzi-90x40-bialy-sonoma-adrk\/","title":{"rendered":"FONZI knyg\u0173 lentyna 90&#215;40 balta\/Sonoma ADRK"},"content":{"rendered":"<p>Skandinavi\u0161ko stiliaus FONZI knyg\u0173 lentyna yra paprastas, ta\u010diau ne\u012ftik\u0117tinai funkcionalus baldas. D\u0117l durel\u0117mis ir lentynomis ji u\u017etikrina patog\u0173 daikt\u0173 laikym\u0105. FONZI tikrai tiks prie daugumos interjer\u0173, suteikdama kambariui modern\u0173 ir eleganti\u0161k\u0105 dizain\u0105.<\/p>","protected":false},"excerpt":{"rendered":"<p>Plotis (cm): 90<br \/>\n\u016agis (cm): 131<br \/>\nGylis (cm): 40<br \/>\nAsambl\u0117ja<br \/>\nSavaranki\u0161kas surinkimas<br \/>\nProdukto svoris [kg]: 45<\/p>","protected":false},"featured_media":291972,"comment_status":"open","ping_status":"open","template":"","meta":[],"product_brand":[],"product_cat":[9201,1987],"product_tag":[],"class_list":{"0":"post-291971","1":"product","2":"type-product","3":"status-publish","4":"has-post-thumbnail","6":"product_cat-adrk-furniture","7":"product_cat-shelving-units","9":"first","10":"instock","11":"purchasable","12":"product-type-simple"},"_links":{"self":[{"href":"https:\/\/baldumarket.lt\/lt\/wp-json\/wp\/v2\/product\/291971","targetHints":{"allow":["GET"]}}],"collection":[{"href":"https:\/\/baldumarket.lt\/lt\/wp-json\/wp\/v2\/product"}],"about":[{"href":"https:\/\/baldumarket.lt\/lt\/wp-json\/wp\/v2\/types\/product"}],"replies":[{"embeddable":true,"href":"https:\/\/baldumarket.lt\/lt\/wp-json\/wp\/v2\/comments?post=291971"}],"wp:featuredmedia":[{"embeddable":true,"href":"https:\/\/baldumarket.lt\/lt\/wp-json\/wp\/v2\/media\/291972"}],"wp:attachment":[{"href":"https:\/\/baldumarket.lt\/lt\/wp-json\/wp\/v2\/media?parent=291971"}],"wp:term":[{"taxonomy":"product_brand","embeddable":true,"href":"https:\/\/baldumarket.lt\/lt\/wp-json\/wp\/v2\/product_brand?post=291971"},{"taxonomy":"product_cat","embeddable":true,"href":"https:\/\/baldumarket.lt\/lt\/wp-json\/wp\/v2\/product_cat?post=291971"},{"taxonomy":"product_tag","embeddable":true,"href":"https:\/\/baldumarket.lt\/lt\/wp-json\/wp\/v2\/product_tag?post=291971"}],"curies":[{"name":"wp","href":"https:\/\/api.w.org\/{rel}","templated":true}]}}