{"id":291961,"date":"2026-01-15T15:45:46","date_gmt":"2026-01-15T12:45:46","guid":{"rendered":"https:\/\/baldumarket.lt\/product\/komoda-livia-01-artisan-adrk\/"},"modified":"2026-02-11T18:16:01","modified_gmt":"2026-02-11T15:16:01","slug":"komoda-livia-01-artisan-adrk","status":"publish","type":"product","link":"https:\/\/baldumarket.lt\/lt\/product\/komoda-livia-01-artisan-adrk\/","title":{"rendered":"LIVIA 01 Amatininkas ADRK komoda su stal\u010diais"},"content":{"rendered":"<p>Komoda LIVIA \u2013 tai baldas, skirtas svetainei, miegamajam ar biurui. Nat\u016bralaus med\u017eio efekt\u0105 pary\u0161kina juodos spalvos akcentai ir \u012fd\u0117klai. Modernus stilius tikrai pritrauks d\u0117mes\u012f. Paprasta, ta\u010diau funkcionalu. Raginame susipa\u017einti su kitais LIVIA kolekcijos gaminiais.<\/p>","protected":false},"excerpt":{"rendered":"<p>Plotis (cm): 80<br \/>\n\u016agis (cm): 92,5<br \/>\nGylis (cm): 40<br \/>\nAsambl\u0117ja<br \/>\nSavaranki\u0161kas surinkimas<br \/>\nProdukto svoris [kg]: 30<\/p>","protected":false},"featured_media":291962,"comment_status":"open","ping_status":"open","template":"","meta":[],"product_brand":[],"product_cat":[9201,1173],"product_tag":[],"class_list":{"0":"post-291961","1":"product","2":"type-product","3":"status-publish","4":"has-post-thumbnail","6":"product_cat-adrk-furniture","7":"product_cat-chests-of-drawers","9":"first","10":"instock","11":"purchasable","12":"product-type-simple"},"_links":{"self":[{"href":"https:\/\/baldumarket.lt\/lt\/wp-json\/wp\/v2\/product\/291961","targetHints":{"allow":["GET"]}}],"collection":[{"href":"https:\/\/baldumarket.lt\/lt\/wp-json\/wp\/v2\/product"}],"about":[{"href":"https:\/\/baldumarket.lt\/lt\/wp-json\/wp\/v2\/types\/product"}],"replies":[{"embeddable":true,"href":"https:\/\/baldumarket.lt\/lt\/wp-json\/wp\/v2\/comments?post=291961"}],"wp:featuredmedia":[{"embeddable":true,"href":"https:\/\/baldumarket.lt\/lt\/wp-json\/wp\/v2\/media\/291962"}],"wp:attachment":[{"href":"https:\/\/baldumarket.lt\/lt\/wp-json\/wp\/v2\/media?parent=291961"}],"wp:term":[{"taxonomy":"product_brand","embeddable":true,"href":"https:\/\/baldumarket.lt\/lt\/wp-json\/wp\/v2\/product_brand?post=291961"},{"taxonomy":"product_cat","embeddable":true,"href":"https:\/\/baldumarket.lt\/lt\/wp-json\/wp\/v2\/product_cat?post=291961"},{"taxonomy":"product_tag","embeddable":true,"href":"https:\/\/baldumarket.lt\/lt\/wp-json\/wp\/v2\/product_tag?post=291961"}],"curies":[{"name":"wp","href":"https:\/\/api.w.org\/{rel}","templated":true}]}}