{"id":291931,"date":"2026-01-15T15:45:23","date_gmt":"2026-01-15T12:45:23","guid":{"rendered":"https:\/\/baldumarket.lt\/product\/lozko-dwuosobowe-ze-stelazem-pola-13-artisan-adrk\/"},"modified":"2026-02-11T18:16:02","modified_gmt":"2026-02-11T15:16:02","slug":"lozko-dwuosobowe-ze-stelazem-pola-13-artisan-adrk","status":"publish","type":"product","link":"https:\/\/baldumarket.lt\/lt\/product\/lozko-dwuosobowe-ze-stelazem-pola-13-artisan-adrk\/","title":{"rendered":"Dvigul\u0117 lova su r\u0117mu POLA 13 Artisan ADRK"},"content":{"rendered":"<p>Lova i\u0161 POLA kolekcijos puikiai tinka tiek dideliems, tiek ma\u017eesniems miegamiesiems. Baldai padengti laminatu, kuris puikiai imituoja nat\u016bralios medienos efekt\u0105 ir suteikia kambariui kaimi\u0161k\u0105 charakter\u012f. Lova pasi\u017eymi erdvia ir funkcionalia patalyn\u0117s d\u0117\u017ee bei tvirtu, patvariu r\u0117mu. \u010ciu\u017einys \u012f komplekt\u0105 ne\u012feina.<\/p>","protected":false},"excerpt":{"rendered":"<p>Plotis (cm): 164<br \/>\n\u016agis (cm): 80<br \/>\nGylis (cm): 203,5<br \/>\nAsambl\u0117ja<br \/>\nSavaranki\u0161kas surinkimas<br \/>\nProdukto svoris [kg]: 74<br \/>\n\u010ciu\u017einio dydis<br \/>\n160&#215;200<\/p>","protected":false},"featured_media":291932,"comment_status":"open","ping_status":"open","template":"","meta":[],"product_brand":[],"product_cat":[9201,505],"product_tag":[],"class_list":{"0":"post-291931","1":"product","2":"type-product","3":"status-publish","4":"has-post-thumbnail","6":"product_cat-adrk-furniture","7":"product_cat-bedroom-beds","9":"first","10":"instock","11":"purchasable","12":"product-type-simple"},"_links":{"self":[{"href":"https:\/\/baldumarket.lt\/lt\/wp-json\/wp\/v2\/product\/291931","targetHints":{"allow":["GET"]}}],"collection":[{"href":"https:\/\/baldumarket.lt\/lt\/wp-json\/wp\/v2\/product"}],"about":[{"href":"https:\/\/baldumarket.lt\/lt\/wp-json\/wp\/v2\/types\/product"}],"replies":[{"embeddable":true,"href":"https:\/\/baldumarket.lt\/lt\/wp-json\/wp\/v2\/comments?post=291931"}],"wp:featuredmedia":[{"embeddable":true,"href":"https:\/\/baldumarket.lt\/lt\/wp-json\/wp\/v2\/media\/291932"}],"wp:attachment":[{"href":"https:\/\/baldumarket.lt\/lt\/wp-json\/wp\/v2\/media?parent=291931"}],"wp:term":[{"taxonomy":"product_brand","embeddable":true,"href":"https:\/\/baldumarket.lt\/lt\/wp-json\/wp\/v2\/product_brand?post=291931"},{"taxonomy":"product_cat","embeddable":true,"href":"https:\/\/baldumarket.lt\/lt\/wp-json\/wp\/v2\/product_cat?post=291931"},{"taxonomy":"product_tag","embeddable":true,"href":"https:\/\/baldumarket.lt\/lt\/wp-json\/wp\/v2\/product_tag?post=291931"}],"curies":[{"name":"wp","href":"https:\/\/api.w.org\/{rel}","templated":true}]}}