{"id":291916,"date":"2026-01-15T15:45:13","date_gmt":"2026-01-15T12:45:13","guid":{"rendered":"https:\/\/baldumarket.lt\/product\/krzeslo-drewnianie-k75-craft-gold-adrk\/"},"modified":"2026-02-11T18:16:02","modified_gmt":"2026-02-11T15:16:02","slug":"krzeslo-drewnianie-k75-craft-gold-adrk","status":"publish","type":"product","link":"https:\/\/baldumarket.lt\/lt\/product\/krzeslo-drewnianie-k75-craft-gold-adrk\/","title":{"rendered":"K75 Craft Gold ADRK medin\u0117 k\u0117d\u0117"},"content":{"rendered":"<p>Medin\u0117 k\u0117d\u0117 K75 \u2013 tai klasikinis, paprastas baldas. Patogus, kont\u016bruotas atlo\u0161as ir didel\u0117, mink\u0161ta s\u0117dyn\u0117 suteikia papildomo komforto. Nesenstantis dizainas puikiai dera prie bet kokio interjero. Galima rinktis i\u0161 \u012fvairi\u0173 apmu\u0161al\u0173 ir med\u017eio apdailos variant\u0173 \u2013 i\u0161sirinkite norim\u0105 spalv\u0105 ir audini\u0173 kolekcij\u0105 ir susikurkite savo svajoni\u0173 k\u0117d\u0119. K75 k\u0117d\u0119 galite \u012fsigyti atskirai arba kaip komplekt\u0105 su stalu. Raginame susipa\u017einti su RODOS 59 komplektu.<\/p>","protected":false},"excerpt":{"rendered":"<p>Plotis (cm): 43<br \/>\n\u016agis (cm): 98<br \/>\nAsambl\u0117ja<br \/>\nSavaranki\u0161kas surinkimas<br \/>\nProdukto svoris [kg]: 7<\/p>","protected":false},"featured_media":291917,"comment_status":"open","ping_status":"open","template":"","meta":[],"product_brand":[],"product_cat":[9201,1930],"product_tag":[],"class_list":{"0":"post-291916","1":"product","2":"type-product","3":"status-publish","4":"has-post-thumbnail","6":"product_cat-adrk-furniture","7":"product_cat-chairs","9":"first","10":"instock","11":"purchasable","12":"product-type-simple"},"_links":{"self":[{"href":"https:\/\/baldumarket.lt\/lt\/wp-json\/wp\/v2\/product\/291916","targetHints":{"allow":["GET"]}}],"collection":[{"href":"https:\/\/baldumarket.lt\/lt\/wp-json\/wp\/v2\/product"}],"about":[{"href":"https:\/\/baldumarket.lt\/lt\/wp-json\/wp\/v2\/types\/product"}],"replies":[{"embeddable":true,"href":"https:\/\/baldumarket.lt\/lt\/wp-json\/wp\/v2\/comments?post=291916"}],"wp:featuredmedia":[{"embeddable":true,"href":"https:\/\/baldumarket.lt\/lt\/wp-json\/wp\/v2\/media\/291917"}],"wp:attachment":[{"href":"https:\/\/baldumarket.lt\/lt\/wp-json\/wp\/v2\/media?parent=291916"}],"wp:term":[{"taxonomy":"product_brand","embeddable":true,"href":"https:\/\/baldumarket.lt\/lt\/wp-json\/wp\/v2\/product_brand?post=291916"},{"taxonomy":"product_cat","embeddable":true,"href":"https:\/\/baldumarket.lt\/lt\/wp-json\/wp\/v2\/product_cat?post=291916"},{"taxonomy":"product_tag","embeddable":true,"href":"https:\/\/baldumarket.lt\/lt\/wp-json\/wp\/v2\/product_tag?post=291916"}],"curies":[{"name":"wp","href":"https:\/\/api.w.org\/{rel}","templated":true}]}}