{"id":291898,"date":"2026-01-15T15:44:59","date_gmt":"2026-01-15T12:44:59","guid":{"rendered":"https:\/\/baldumarket.lt\/product\/zestaw-stol-z-krzeslami-rodos-83-lefkas-czarny-adrk\/"},"modified":"2026-02-11T18:16:03","modified_gmt":"2026-02-11T15:16:03","slug":"zestaw-stol-z-krzeslami-rodos-83-lefkas-czarny-adrk","status":"publish","type":"product","link":"https:\/\/baldumarket.lt\/lt\/product\/zestaw-stol-z-krzeslami-rodos-83-lefkas-czarny-adrk\/","title":{"rendered":"RODOS 83 Lefkas\/Juodas ADRK stalo ir k\u0117d\u017ei\u0173 komplektas"},"content":{"rendered":"<p>RODOS 83 komplektas puikiai tiks j\u016bs\u0173 valgomajam. Komplekt\u0105 sudaro stalas su kvadratiniu stalvir\u0161iu ir keturios apmu\u0161tos k\u0117d\u0117s. \u0160ios stilingos k\u0117d\u0117s pasi\u017eymi tvirtomis buko medienos kojel\u0117mis ir apmu\u0161ta s\u0117dyne bei atlo\u0161u, kurias galima rinktis i\u0161 audini\u0173, parodyt\u0173 galerijoje. D\u0117l plataus spalv\u0173 pasirinkimo komplektas tiks bet kokiam interjerui ir papildys j\u016bs\u0173 svetain\u0119, virtuv\u0119 ar valgom\u0105j\u012f\u2026<\/p>","protected":false},"excerpt":{"rendered":"<p>Plotis (cm): 80<br \/>\n\u016agis (cm): 91<br \/>\nGylis (cm): 80<br \/>\nAsambl\u0117ja<br \/>\nSavaranki\u0161kas surinkimas<br \/>\nProdukto svoris [kg]: 64<\/p>","protected":false},"featured_media":291899,"comment_status":"open","ping_status":"open","template":"","meta":[],"product_brand":[],"product_cat":[9201,9121],"product_tag":[],"class_list":{"0":"post-291898","1":"product","2":"type-product","3":"status-publish","4":"has-post-thumbnail","6":"product_cat-adrk-furniture","7":"product_cat-table-sets","9":"first","10":"instock","11":"purchasable","12":"product-type-simple"},"_links":{"self":[{"href":"https:\/\/baldumarket.lt\/lt\/wp-json\/wp\/v2\/product\/291898","targetHints":{"allow":["GET"]}}],"collection":[{"href":"https:\/\/baldumarket.lt\/lt\/wp-json\/wp\/v2\/product"}],"about":[{"href":"https:\/\/baldumarket.lt\/lt\/wp-json\/wp\/v2\/types\/product"}],"replies":[{"embeddable":true,"href":"https:\/\/baldumarket.lt\/lt\/wp-json\/wp\/v2\/comments?post=291898"}],"wp:featuredmedia":[{"embeddable":true,"href":"https:\/\/baldumarket.lt\/lt\/wp-json\/wp\/v2\/media\/291899"}],"wp:attachment":[{"href":"https:\/\/baldumarket.lt\/lt\/wp-json\/wp\/v2\/media?parent=291898"}],"wp:term":[{"taxonomy":"product_brand","embeddable":true,"href":"https:\/\/baldumarket.lt\/lt\/wp-json\/wp\/v2\/product_brand?post=291898"},{"taxonomy":"product_cat","embeddable":true,"href":"https:\/\/baldumarket.lt\/lt\/wp-json\/wp\/v2\/product_cat?post=291898"},{"taxonomy":"product_tag","embeddable":true,"href":"https:\/\/baldumarket.lt\/lt\/wp-json\/wp\/v2\/product_tag?post=291898"}],"curies":[{"name":"wp","href":"https:\/\/api.w.org\/{rel}","templated":true}]}}