{"id":291881,"date":"2026-01-15T15:44:48","date_gmt":"2026-01-15T12:44:48","guid":{"rendered":"https:\/\/baldumarket.lt\/product\/stol-rodos-84-sonoma-czarny-adrk\/"},"modified":"2026-02-11T18:16:03","modified_gmt":"2026-02-11T15:16:03","slug":"stol-rodos-84-sonoma-czarny-adrk","status":"publish","type":"product","link":"https:\/\/baldumarket.lt\/lt\/product\/stol-rodos-84-sonoma-czarny-adrk\/","title":{"rendered":"RODOS 84 Sonoma\/Black ADRK Stalas"},"content":{"rendered":"<p>RODOS 84 stalas \u2013 puikus j\u016bs\u0173 valgomojo papildymas. D\u0117l plataus spalv\u0173 pasirinkimo jis tiks prie bet kokio interjero ir papildys j\u016bs\u0173 svetain\u0119, virtuv\u0119 ar valgom\u0105j\u012f\u2026<\/p>","protected":false},"excerpt":{"rendered":"<p>Plotis (cm): 80<br \/>\n\u016agis (cm): 76<br \/>\nGylis (cm): 80<br \/>\nAsambl\u0117ja<br \/>\nSavaranki\u0161kas surinkimas<br \/>\nProdukto svoris [kg]: 40<br \/>\nStalvir\u0161io forma<br \/>\nKvadratas<\/p>","protected":false},"featured_media":291882,"comment_status":"open","ping_status":"open","template":"","meta":[],"product_brand":[],"product_cat":[9201,1934],"product_tag":[],"class_list":{"0":"post-291881","1":"product","2":"type-product","3":"status-publish","4":"has-post-thumbnail","6":"product_cat-adrk-furniture","7":"product_cat-tables","9":"first","10":"instock","11":"purchasable","12":"product-type-simple"},"_links":{"self":[{"href":"https:\/\/baldumarket.lt\/lt\/wp-json\/wp\/v2\/product\/291881","targetHints":{"allow":["GET"]}}],"collection":[{"href":"https:\/\/baldumarket.lt\/lt\/wp-json\/wp\/v2\/product"}],"about":[{"href":"https:\/\/baldumarket.lt\/lt\/wp-json\/wp\/v2\/types\/product"}],"replies":[{"embeddable":true,"href":"https:\/\/baldumarket.lt\/lt\/wp-json\/wp\/v2\/comments?post=291881"}],"wp:featuredmedia":[{"embeddable":true,"href":"https:\/\/baldumarket.lt\/lt\/wp-json\/wp\/v2\/media\/291882"}],"wp:attachment":[{"href":"https:\/\/baldumarket.lt\/lt\/wp-json\/wp\/v2\/media?parent=291881"}],"wp:term":[{"taxonomy":"product_brand","embeddable":true,"href":"https:\/\/baldumarket.lt\/lt\/wp-json\/wp\/v2\/product_brand?post=291881"},{"taxonomy":"product_cat","embeddable":true,"href":"https:\/\/baldumarket.lt\/lt\/wp-json\/wp\/v2\/product_cat?post=291881"},{"taxonomy":"product_tag","embeddable":true,"href":"https:\/\/baldumarket.lt\/lt\/wp-json\/wp\/v2\/product_tag?post=291881"}],"curies":[{"name":"wp","href":"https:\/\/api.w.org\/{rel}","templated":true}]}}