{"id":291354,"date":"2026-01-14T23:51:43","date_gmt":"2026-01-14T20:51:43","guid":{"rendered":"https:\/\/baldumarket.lt\/product\/cross-rtv-z-biokominkiem-asm\/"},"modified":"2026-02-11T18:16:13","modified_gmt":"2026-02-11T15:16:13","slug":"cross-rtv-z-biokominkiem-asm","status":"publish","type":"product","link":"https:\/\/baldumarket.lt\/lt\/product\/cross-rtv-z-biokominkiem-asm\/","title":{"rendered":"\u201eCross TV\u201c su bio\u017eidiniu ASM"},"content":{"rendered":"<p>TV kry\u017eius su bio\u017eidiniu<br \/>\nSpalva: Korpusas: perlin\u0117 guoba, balta Priekin\u0117 dalis: perlin\u0117 guoba, balta blizgi, bio\u017eidinys<br \/>\nKonstrukcija: K\u0117bulas: Priekis:<\/p>","protected":false},"excerpt":{"rendered":"<p>Plotis (cm): 150<br \/>\n\u016agis (cm): 50<br \/>\nGylis (cm): 50<br \/>\nAsambl\u0117ja<br \/>\nsavaranki\u0161kam surinkimui<br \/>\nProdukto svoris [kg]: 41,5<\/p>","protected":false},"featured_media":291355,"comment_status":"open","ping_status":"open","template":"","meta":[],"product_brand":[],"product_cat":[9202,1175],"product_tag":[],"class_list":{"0":"post-291354","1":"product","2":"type-product","3":"status-publish","4":"has-post-thumbnail","6":"product_cat-asm","7":"product_cat-tv-stands","9":"first","10":"instock","11":"purchasable","12":"product-type-simple"},"_links":{"self":[{"href":"https:\/\/baldumarket.lt\/lt\/wp-json\/wp\/v2\/product\/291354","targetHints":{"allow":["GET"]}}],"collection":[{"href":"https:\/\/baldumarket.lt\/lt\/wp-json\/wp\/v2\/product"}],"about":[{"href":"https:\/\/baldumarket.lt\/lt\/wp-json\/wp\/v2\/types\/product"}],"replies":[{"embeddable":true,"href":"https:\/\/baldumarket.lt\/lt\/wp-json\/wp\/v2\/comments?post=291354"}],"wp:featuredmedia":[{"embeddable":true,"href":"https:\/\/baldumarket.lt\/lt\/wp-json\/wp\/v2\/media\/291355"}],"wp:attachment":[{"href":"https:\/\/baldumarket.lt\/lt\/wp-json\/wp\/v2\/media?parent=291354"}],"wp:term":[{"taxonomy":"product_brand","embeddable":true,"href":"https:\/\/baldumarket.lt\/lt\/wp-json\/wp\/v2\/product_brand?post=291354"},{"taxonomy":"product_cat","embeddable":true,"href":"https:\/\/baldumarket.lt\/lt\/wp-json\/wp\/v2\/product_cat?post=291354"},{"taxonomy":"product_tag","embeddable":true,"href":"https:\/\/baldumarket.lt\/lt\/wp-json\/wp\/v2\/product_tag?post=291354"}],"curies":[{"name":"wp","href":"https:\/\/api.w.org\/{rel}","templated":true}]}}