{"id":291280,"date":"2026-01-14T23:50:42","date_gmt":"2026-01-14T20:50:42","guid":{"rendered":"https:\/\/baldumarket.lt\/product\/fly-h1-mebloscianka-czarny-czarny-polysk-asm\/"},"modified":"2026-02-11T18:16:15","modified_gmt":"2026-02-11T15:16:15","slug":"fly-h1-mebloscianka-czarny-czarny-polysk-asm","status":"publish","type":"product","link":"https:\/\/baldumarket.lt\/lt\/product\/fly-h1-mebloscianka-czarny-czarny-polysk-asm\/","title":{"rendered":"Fly H1 sienin\u0117 spintel\u0117 juoda\/juodai blizgi ASM"},"content":{"rendered":"<p>30 tipo televizoriaus spintel\u0117: atvartas su dviem vyriais, trys skyriai viduje, 20 tipo spintel\u0117: dvi standartin\u0117s lentynos viduje, universalus dur\u0173 tvirtinimas (de\u0161in\u0117 arba kair\u0117 pus\u0117), dvi lentynos komplekte (Mix), blizg\u016bs PVC fasadai, spustel\u0117jimo sistema<\/p>","protected":false},"excerpt":{"rendered":"<p>Plotis (cm): 160<br \/>\n\u016agis (cm): 190<br \/>\nGylis (cm): 40<\/p>","protected":false},"featured_media":291281,"comment_status":"open","ping_status":"open","template":"","meta":[],"product_brand":[],"product_cat":[9202,2008],"product_tag":[],"class_list":{"0":"post-291280","1":"product","2":"type-product","3":"status-publish","4":"has-post-thumbnail","6":"product_cat-asm","7":"product_cat-wall-units","9":"first","10":"instock","11":"purchasable","12":"product-type-simple"},"_links":{"self":[{"href":"https:\/\/baldumarket.lt\/lt\/wp-json\/wp\/v2\/product\/291280","targetHints":{"allow":["GET"]}}],"collection":[{"href":"https:\/\/baldumarket.lt\/lt\/wp-json\/wp\/v2\/product"}],"about":[{"href":"https:\/\/baldumarket.lt\/lt\/wp-json\/wp\/v2\/types\/product"}],"replies":[{"embeddable":true,"href":"https:\/\/baldumarket.lt\/lt\/wp-json\/wp\/v2\/comments?post=291280"}],"wp:featuredmedia":[{"embeddable":true,"href":"https:\/\/baldumarket.lt\/lt\/wp-json\/wp\/v2\/media\/291281"}],"wp:attachment":[{"href":"https:\/\/baldumarket.lt\/lt\/wp-json\/wp\/v2\/media?parent=291280"}],"wp:term":[{"taxonomy":"product_brand","embeddable":true,"href":"https:\/\/baldumarket.lt\/lt\/wp-json\/wp\/v2\/product_brand?post=291280"},{"taxonomy":"product_cat","embeddable":true,"href":"https:\/\/baldumarket.lt\/lt\/wp-json\/wp\/v2\/product_cat?post=291280"},{"taxonomy":"product_tag","embeddable":true,"href":"https:\/\/baldumarket.lt\/lt\/wp-json\/wp\/v2\/product_tag?post=291280"}],"curies":[{"name":"wp","href":"https:\/\/api.w.org\/{rel}","templated":true}]}}