{"id":291264,"date":"2026-01-14T23:50:29","date_gmt":"2026-01-14T20:50:29","guid":{"rendered":"https:\/\/baldumarket.lt\/product\/fly-h3-mebloscianka-czarny-czarny-polysk-asm\/"},"modified":"2026-02-11T18:16:15","modified_gmt":"2026-02-11T15:16:15","slug":"fly-h3-mebloscianka-czarny-czarny-polysk-asm","status":"publish","type":"product","link":"https:\/\/baldumarket.lt\/lt\/product\/fly-h3-mebloscianka-czarny-czarny-polysk-asm\/","title":{"rendered":"Fly H3 sienin\u0117 spintel\u0117 juoda\/blizgi juoda ASM"},"content":{"rendered":"<p>TV spintel\u0117, 30 tipas: atvartas su dviem vyriais, trys skyriai viduje, vitrina, 22 tipas: dvi stiklin\u0117s lentynos viduje (m\u0117lynas LED), matomos ir u\u017edarius duris, universalus dur\u0173 tvirtinimas (de\u0161in\u0117 arba kair\u0117 pus\u0117), dvi lentynos komplekte (Mix), blizg\u016bs PVC fasadai, spustel\u0117jimo sistema<\/p>","protected":false},"excerpt":{"rendered":"<p>Plotis (cm): 160<br \/>\n\u016agis (cm): 190<br \/>\nGylis (cm): 40<\/p>","protected":false},"featured_media":291265,"comment_status":"open","ping_status":"open","template":"","meta":[],"product_brand":[],"product_cat":[9202,2008],"product_tag":[],"class_list":{"0":"post-291264","1":"product","2":"type-product","3":"status-publish","4":"has-post-thumbnail","6":"product_cat-asm","7":"product_cat-wall-units","9":"first","10":"instock","11":"purchasable","12":"product-type-simple"},"_links":{"self":[{"href":"https:\/\/baldumarket.lt\/lt\/wp-json\/wp\/v2\/product\/291264","targetHints":{"allow":["GET"]}}],"collection":[{"href":"https:\/\/baldumarket.lt\/lt\/wp-json\/wp\/v2\/product"}],"about":[{"href":"https:\/\/baldumarket.lt\/lt\/wp-json\/wp\/v2\/types\/product"}],"replies":[{"embeddable":true,"href":"https:\/\/baldumarket.lt\/lt\/wp-json\/wp\/v2\/comments?post=291264"}],"wp:featuredmedia":[{"embeddable":true,"href":"https:\/\/baldumarket.lt\/lt\/wp-json\/wp\/v2\/media\/291265"}],"wp:attachment":[{"href":"https:\/\/baldumarket.lt\/lt\/wp-json\/wp\/v2\/media?parent=291264"}],"wp:term":[{"taxonomy":"product_brand","embeddable":true,"href":"https:\/\/baldumarket.lt\/lt\/wp-json\/wp\/v2\/product_brand?post=291264"},{"taxonomy":"product_cat","embeddable":true,"href":"https:\/\/baldumarket.lt\/lt\/wp-json\/wp\/v2\/product_cat?post=291264"},{"taxonomy":"product_tag","embeddable":true,"href":"https:\/\/baldumarket.lt\/lt\/wp-json\/wp\/v2\/product_tag?post=291264"}],"curies":[{"name":"wp","href":"https:\/\/api.w.org\/{rel}","templated":true}]}}