{"id":291216,"date":"2026-01-14T23:49:48","date_gmt":"2026-01-14T20:49:48","guid":{"rendered":"https:\/\/baldumarket.lt\/product\/fly-j3-mebloscianka-czarny-czarny-polysk-asm\/"},"modified":"2026-02-11T18:16:16","modified_gmt":"2026-02-11T15:16:16","slug":"fly-j3-mebloscianka-czarny-czarny-polysk-asm","status":"publish","type":"product","link":"https:\/\/baldumarket.lt\/lt\/product\/fly-j3-mebloscianka-czarny-czarny-polysk-asm\/","title":{"rendered":"Fly J3 sienin\u0117 spintel\u0117 juoda\/juodai blizgi ASM"},"content":{"rendered":"<p>2 x TV spintel\u0117s, 30 tipo: atidaroma atvartu su dviem vyriais, viduje trys skyriai; 3 x spintel\u0117s, 52 tipo: i\u0161 dalies \u012fstiklinta priekin\u0117 dalis, atsidaranti \u012f vir\u0161\u0173 (dujin\u0117s amortizatoriai), viduje trys skyriai, vidurinis ap\u0161viestas m\u0117lynu ap\u0161vietimu; dvi lentynos (mi\u0161rus); blizg\u016bs PVC fasadai; spustel\u0117jimo sistema<\/p>","protected":false},"excerpt":{"rendered":"<p>Plotis (cm): 320<br \/>\n\u016agis (cm): 170<br \/>\nGylis (cm): 40<\/p>","protected":false},"featured_media":291217,"comment_status":"open","ping_status":"open","template":"","meta":[],"product_brand":[],"product_cat":[9202,2008],"product_tag":[],"class_list":{"0":"post-291216","1":"product","2":"type-product","3":"status-publish","4":"has-post-thumbnail","6":"product_cat-asm","7":"product_cat-wall-units","9":"first","10":"instock","11":"purchasable","12":"product-type-simple"},"_links":{"self":[{"href":"https:\/\/baldumarket.lt\/lt\/wp-json\/wp\/v2\/product\/291216","targetHints":{"allow":["GET"]}}],"collection":[{"href":"https:\/\/baldumarket.lt\/lt\/wp-json\/wp\/v2\/product"}],"about":[{"href":"https:\/\/baldumarket.lt\/lt\/wp-json\/wp\/v2\/types\/product"}],"replies":[{"embeddable":true,"href":"https:\/\/baldumarket.lt\/lt\/wp-json\/wp\/v2\/comments?post=291216"}],"wp:featuredmedia":[{"embeddable":true,"href":"https:\/\/baldumarket.lt\/lt\/wp-json\/wp\/v2\/media\/291217"}],"wp:attachment":[{"href":"https:\/\/baldumarket.lt\/lt\/wp-json\/wp\/v2\/media?parent=291216"}],"wp:term":[{"taxonomy":"product_brand","embeddable":true,"href":"https:\/\/baldumarket.lt\/lt\/wp-json\/wp\/v2\/product_brand?post=291216"},{"taxonomy":"product_cat","embeddable":true,"href":"https:\/\/baldumarket.lt\/lt\/wp-json\/wp\/v2\/product_cat?post=291216"},{"taxonomy":"product_tag","embeddable":true,"href":"https:\/\/baldumarket.lt\/lt\/wp-json\/wp\/v2\/product_tag?post=291216"}],"curies":[{"name":"wp","href":"https:\/\/api.w.org\/{rel}","templated":true}]}}