{"id":291190,"date":"2026-01-14T23:49:27","date_gmt":"2026-01-14T20:49:27","guid":{"rendered":"https:\/\/baldumarket.lt\/product\/fly-m3-mebloscianka-czarny-czarny-polysk-asm\/"},"modified":"2026-02-11T18:16:17","modified_gmt":"2026-02-11T15:16:17","slug":"fly-m3-mebloscianka-czarny-czarny-polysk-asm","status":"publish","type":"product","link":"https:\/\/baldumarket.lt\/lt\/product\/fly-m3-mebloscianka-czarny-czarny-polysk-asm\/","title":{"rendered":"FLY M3 sienin\u0117 spintel\u0117 juoda\/juodai blizgi ASM"},"content":{"rendered":"<p>Pakabinama komoda SBK: kair\u0117je ir de\u0161in\u0117je dur\u0173 pus\u0117je, po vien\u0105 skyri\u0173 u\u017e kiekvien\u0173 dur\u0173, viduryje bio\u017eidinys (bioetanolis) 2 vnt. x Vitrina 42 tipo: viduje trys stiklin\u0117s lentynos su trigubu m\u0117lynu LED, matomu ir u\u017edarius duris, universalus dur\u0173 tvirtinimas (de\u0161in\u0117je arba kair\u0117je pus\u0117je), dvi lentynos (Mix), blizg\u016bs PVC fasadai, spustel\u0117jimo sistema<\/p>","protected":false},"excerpt":{"rendered":"<p>Plotis (cm): 260<br \/>\n\u016agis (cm): 170<br \/>\nGylis (cm): 40<\/p>","protected":false},"featured_media":291191,"comment_status":"open","ping_status":"open","template":"","meta":[],"product_brand":[],"product_cat":[9202,2008],"product_tag":[],"class_list":{"0":"post-291190","1":"product","2":"type-product","3":"status-publish","4":"has-post-thumbnail","6":"product_cat-asm","7":"product_cat-wall-units","9":"first","10":"instock","11":"purchasable","12":"product-type-simple"},"_links":{"self":[{"href":"https:\/\/baldumarket.lt\/lt\/wp-json\/wp\/v2\/product\/291190","targetHints":{"allow":["GET"]}}],"collection":[{"href":"https:\/\/baldumarket.lt\/lt\/wp-json\/wp\/v2\/product"}],"about":[{"href":"https:\/\/baldumarket.lt\/lt\/wp-json\/wp\/v2\/types\/product"}],"replies":[{"embeddable":true,"href":"https:\/\/baldumarket.lt\/lt\/wp-json\/wp\/v2\/comments?post=291190"}],"wp:featuredmedia":[{"embeddable":true,"href":"https:\/\/baldumarket.lt\/lt\/wp-json\/wp\/v2\/media\/291191"}],"wp:attachment":[{"href":"https:\/\/baldumarket.lt\/lt\/wp-json\/wp\/v2\/media?parent=291190"}],"wp:term":[{"taxonomy":"product_brand","embeddable":true,"href":"https:\/\/baldumarket.lt\/lt\/wp-json\/wp\/v2\/product_brand?post=291190"},{"taxonomy":"product_cat","embeddable":true,"href":"https:\/\/baldumarket.lt\/lt\/wp-json\/wp\/v2\/product_cat?post=291190"},{"taxonomy":"product_tag","embeddable":true,"href":"https:\/\/baldumarket.lt\/lt\/wp-json\/wp\/v2\/product_tag?post=291190"}],"curies":[{"name":"wp","href":"https:\/\/api.w.org\/{rel}","templated":true}]}}