{"id":291166,"date":"2026-01-14T23:49:05","date_gmt":"2026-01-14T20:49:05","guid":{"rendered":"https:\/\/baldumarket.lt\/product\/fly-n3-mebloscianka-czarny-czarny-polysk-asm\/"},"modified":"2026-02-11T18:16:18","modified_gmt":"2026-02-11T15:16:18","slug":"fly-n3-mebloscianka-czarny-czarny-polysk-asm","status":"publish","type":"product","link":"https:\/\/baldumarket.lt\/lt\/product\/fly-n3-mebloscianka-czarny-czarny-polysk-asm\/","title":{"rendered":"FLY N3 sienin\u0117 spintel\u0117 juoda\/juodai blizgi ASM"},"content":{"rendered":"<p>Pakabinama komoda SBK: durel\u0117s kair\u0117je ir de\u0161in\u0117je, po vien\u0105 skyri\u0173 u\u017e kiekvien\u0173 dureli\u0173, bio\u017eidinys (bioetanolis) viduryje, 52 tipo spintel\u0117: dalinai \u012fstiklinta priekin\u0117 dalis, atsidaranti \u012f vir\u0161\u0173 (duj\u0173 balionams), viduje trys skyriai, vidurinis ap\u0161viestas m\u0117lynu ap\u0161vietimu, blizg\u016bs PVC fasadai, spustel\u0117jimo sistema<\/p>","protected":false},"excerpt":{"rendered":"<p>Plotis (cm): 160<br \/>\n\u016agis (cm): 150<br \/>\nGylis (cm): 40<\/p>","protected":false},"featured_media":291167,"comment_status":"open","ping_status":"open","template":"","meta":[],"product_brand":[],"product_cat":[9202,2008],"product_tag":[],"class_list":{"0":"post-291166","1":"product","2":"type-product","3":"status-publish","4":"has-post-thumbnail","6":"product_cat-asm","7":"product_cat-wall-units","9":"first","10":"instock","11":"purchasable","12":"product-type-simple"},"_links":{"self":[{"href":"https:\/\/baldumarket.lt\/lt\/wp-json\/wp\/v2\/product\/291166","targetHints":{"allow":["GET"]}}],"collection":[{"href":"https:\/\/baldumarket.lt\/lt\/wp-json\/wp\/v2\/product"}],"about":[{"href":"https:\/\/baldumarket.lt\/lt\/wp-json\/wp\/v2\/types\/product"}],"replies":[{"embeddable":true,"href":"https:\/\/baldumarket.lt\/lt\/wp-json\/wp\/v2\/comments?post=291166"}],"wp:featuredmedia":[{"embeddable":true,"href":"https:\/\/baldumarket.lt\/lt\/wp-json\/wp\/v2\/media\/291167"}],"wp:attachment":[{"href":"https:\/\/baldumarket.lt\/lt\/wp-json\/wp\/v2\/media?parent=291166"}],"wp:term":[{"taxonomy":"product_brand","embeddable":true,"href":"https:\/\/baldumarket.lt\/lt\/wp-json\/wp\/v2\/product_brand?post=291166"},{"taxonomy":"product_cat","embeddable":true,"href":"https:\/\/baldumarket.lt\/lt\/wp-json\/wp\/v2\/product_cat?post=291166"},{"taxonomy":"product_tag","embeddable":true,"href":"https:\/\/baldumarket.lt\/lt\/wp-json\/wp\/v2\/product_tag?post=291166"}],"curies":[{"name":"wp","href":"https:\/\/api.w.org\/{rel}","templated":true}]}}