{"id":291160,"date":"2026-01-14T23:48:59","date_gmt":"2026-01-14T20:48:59","guid":{"rendered":"https:\/\/baldumarket.lt\/product\/fly-o2-mebloscianka-czarny-bialy-polysk-asm\/"},"modified":"2026-02-11T18:16:18","modified_gmt":"2026-02-11T15:16:18","slug":"fly-o2-mebloscianka-czarny-bialy-polysk-asm","status":"publish","type":"product","link":"https:\/\/baldumarket.lt\/lt\/product\/fly-o2-mebloscianka-czarny-bialy-polysk-asm\/","title":{"rendered":"\u201eFly O2\u201c sienin\u0117 spintel\u0117, juoda\/balta blizgi ASM"},"content":{"rendered":"<p>33 tipo televizoriaus spintel\u0117: du atvartai su vyriais, kiekvienas su vienu skyriumi, atviras skyrius viduryje, atskirtas lentyna, ap\u0161viesta m\u0117lynu LED ap\u0161vietimu (2 vnt.) x 41 tipo spintel\u0117: trys stiklin\u0117s lentynos viduje su trigubu m\u0117lynu LED ap\u0161vietimu, universalus dur\u0173 tvirtinimas (de\u0161in\u0117je arba kair\u0117je pus\u0117je), dvi lentynos (mi\u0161rus), blizg\u016bs PVC fasadai, spustel\u0117jimo sistema<\/p>","protected":false},"excerpt":{"rendered":"<p>Plotis (cm): 260<br \/>\n\u016agis (cm): 170<br \/>\nGylis (cm): 40<\/p>","protected":false},"featured_media":291161,"comment_status":"open","ping_status":"open","template":"","meta":[],"product_brand":[],"product_cat":[9202,2008],"product_tag":[],"class_list":{"0":"post-291160","1":"product","2":"type-product","3":"status-publish","4":"has-post-thumbnail","6":"product_cat-asm","7":"product_cat-wall-units","9":"first","10":"instock","11":"purchasable","12":"product-type-simple"},"_links":{"self":[{"href":"https:\/\/baldumarket.lt\/lt\/wp-json\/wp\/v2\/product\/291160","targetHints":{"allow":["GET"]}}],"collection":[{"href":"https:\/\/baldumarket.lt\/lt\/wp-json\/wp\/v2\/product"}],"about":[{"href":"https:\/\/baldumarket.lt\/lt\/wp-json\/wp\/v2\/types\/product"}],"replies":[{"embeddable":true,"href":"https:\/\/baldumarket.lt\/lt\/wp-json\/wp\/v2\/comments?post=291160"}],"wp:featuredmedia":[{"embeddable":true,"href":"https:\/\/baldumarket.lt\/lt\/wp-json\/wp\/v2\/media\/291161"}],"wp:attachment":[{"href":"https:\/\/baldumarket.lt\/lt\/wp-json\/wp\/v2\/media?parent=291160"}],"wp:term":[{"taxonomy":"product_brand","embeddable":true,"href":"https:\/\/baldumarket.lt\/lt\/wp-json\/wp\/v2\/product_brand?post=291160"},{"taxonomy":"product_cat","embeddable":true,"href":"https:\/\/baldumarket.lt\/lt\/wp-json\/wp\/v2\/product_cat?post=291160"},{"taxonomy":"product_tag","embeddable":true,"href":"https:\/\/baldumarket.lt\/lt\/wp-json\/wp\/v2\/product_tag?post=291160"}],"curies":[{"name":"wp","href":"https:\/\/api.w.org\/{rel}","templated":true}]}}