{"id":291100,"date":"2026-01-14T23:48:09","date_gmt":"2026-01-14T20:48:09","guid":{"rendered":"https:\/\/baldumarket.lt\/product\/fly-witryna-22-bialy-bialy-polysk-asm\/"},"modified":"2026-02-11T18:16:20","modified_gmt":"2026-02-11T15:16:20","slug":"fly-witryna-22-bialy-bialy-polysk-asm","status":"publish","type":"product","link":"https:\/\/baldumarket.lt\/lt\/product\/fly-witryna-22-bialy-bialy-polysk-asm\/","title":{"rendered":"Fly vitrina 22 balta\/balta blizgi ASM"},"content":{"rendered":"<p>22 tipo vitrina: dvi stiklin\u0117s lentynos viduje (m\u0117lynas LED), matomos ir u\u017edarius dureles, universalus dureli\u0173 tvirtinimas (de\u0161in\u0117 arba kair\u0117 pus\u0117), blizg\u016bs PVC fasadai, spustel\u0117jimo sistema<\/p>","protected":false},"excerpt":{"rendered":"<p>Plotis (cm): 40<br \/>\n\u016agis (cm): 126<br \/>\nGylis (cm): 29<\/p>","protected":false},"featured_media":291101,"comment_status":"open","ping_status":"open","template":"","meta":[],"product_brand":[],"product_cat":[9202,2006],"product_tag":[],"class_list":{"0":"post-291100","1":"product","2":"type-product","3":"status-publish","4":"has-post-thumbnail","6":"product_cat-asm","7":"product_cat-vitrines","9":"first","10":"instock","11":"purchasable","12":"product-type-simple"},"_links":{"self":[{"href":"https:\/\/baldumarket.lt\/lt\/wp-json\/wp\/v2\/product\/291100","targetHints":{"allow":["GET"]}}],"collection":[{"href":"https:\/\/baldumarket.lt\/lt\/wp-json\/wp\/v2\/product"}],"about":[{"href":"https:\/\/baldumarket.lt\/lt\/wp-json\/wp\/v2\/types\/product"}],"replies":[{"embeddable":true,"href":"https:\/\/baldumarket.lt\/lt\/wp-json\/wp\/v2\/comments?post=291100"}],"wp:featuredmedia":[{"embeddable":true,"href":"https:\/\/baldumarket.lt\/lt\/wp-json\/wp\/v2\/media\/291101"}],"wp:attachment":[{"href":"https:\/\/baldumarket.lt\/lt\/wp-json\/wp\/v2\/media?parent=291100"}],"wp:term":[{"taxonomy":"product_brand","embeddable":true,"href":"https:\/\/baldumarket.lt\/lt\/wp-json\/wp\/v2\/product_brand?post=291100"},{"taxonomy":"product_cat","embeddable":true,"href":"https:\/\/baldumarket.lt\/lt\/wp-json\/wp\/v2\/product_cat?post=291100"},{"taxonomy":"product_tag","embeddable":true,"href":"https:\/\/baldumarket.lt\/lt\/wp-json\/wp\/v2\/product_tag?post=291100"}],"curies":[{"name":"wp","href":"https:\/\/api.w.org\/{rel}","templated":true}]}}