{"id":291054,"date":"2026-01-14T23:47:32","date_gmt":"2026-01-14T20:47:32","guid":{"rendered":"https:\/\/baldumarket.lt\/product\/fly-witryna-51-cashmere-asm\/"},"modified":"2026-02-11T18:16:21","modified_gmt":"2026-02-11T15:16:21","slug":"fly-witryna-51-cashmere-asm","status":"publish","type":"product","link":"https:\/\/baldumarket.lt\/lt\/product\/fly-witryna-51-cashmere-asm\/","title":{"rendered":"\u201eFly window 51\u201c KA\u0160MYRO ASM"},"content":{"rendered":"<p>Fly vitrina 51 KA\u0160MYRAS<br \/>\nSpalva: Korpusas: Ka\u0161myras Priekis: Ka\u0161myras<br \/>\nMed\u017eiaga: Korpusas: Laminuota bald\u0173 plok\u0161t\u0117; Priekis: Laminuota bald\u0173 plok\u0161t\u0117<\/p>","protected":false},"excerpt":{"rendered":"<p>Plotis (cm): 160<br \/>\n\u016agis (cm): 30<br \/>\nGylis (cm): 29<br \/>\nAsambl\u0117ja<br \/>\nSavaranki\u0161kas surinkimas<br \/>\nProdukto svoris [kg]: 20<\/p>","protected":false},"featured_media":291055,"comment_status":"open","ping_status":"open","template":"","meta":[],"product_brand":[],"product_cat":[9202,2006],"product_tag":[],"class_list":{"0":"post-291054","1":"product","2":"type-product","3":"status-publish","4":"has-post-thumbnail","6":"product_cat-asm","7":"product_cat-vitrines","9":"first","10":"instock","11":"purchasable","12":"product-type-simple"},"_links":{"self":[{"href":"https:\/\/baldumarket.lt\/lt\/wp-json\/wp\/v2\/product\/291054","targetHints":{"allow":["GET"]}}],"collection":[{"href":"https:\/\/baldumarket.lt\/lt\/wp-json\/wp\/v2\/product"}],"about":[{"href":"https:\/\/baldumarket.lt\/lt\/wp-json\/wp\/v2\/types\/product"}],"replies":[{"embeddable":true,"href":"https:\/\/baldumarket.lt\/lt\/wp-json\/wp\/v2\/comments?post=291054"}],"wp:featuredmedia":[{"embeddable":true,"href":"https:\/\/baldumarket.lt\/lt\/wp-json\/wp\/v2\/media\/291055"}],"wp:attachment":[{"href":"https:\/\/baldumarket.lt\/lt\/wp-json\/wp\/v2\/media?parent=291054"}],"wp:term":[{"taxonomy":"product_brand","embeddable":true,"href":"https:\/\/baldumarket.lt\/lt\/wp-json\/wp\/v2\/product_brand?post=291054"},{"taxonomy":"product_cat","embeddable":true,"href":"https:\/\/baldumarket.lt\/lt\/wp-json\/wp\/v2\/product_cat?post=291054"},{"taxonomy":"product_tag","embeddable":true,"href":"https:\/\/baldumarket.lt\/lt\/wp-json\/wp\/v2\/product_tag?post=291054"}],"curies":[{"name":"wp","href":"https:\/\/api.w.org\/{rel}","templated":true}]}}