{"id":291050,"date":"2026-01-14T23:47:29","date_gmt":"2026-01-14T20:47:29","guid":{"rendered":"https:\/\/baldumarket.lt\/product\/fly-witryna-51-czarny-czarny-polysk-asm\/"},"modified":"2026-02-11T18:16:21","modified_gmt":"2026-02-11T15:16:21","slug":"fly-witryna-51-czarny-czarny-polysk-asm","status":"publish","type":"product","link":"https:\/\/baldumarket.lt\/lt\/product\/fly-witryna-51-czarny-czarny-polysk-asm\/","title":{"rendered":"Fly vitrina 51 juoda\/blizgi juoda ASM"},"content":{"rendered":"<p>51 tipo spintel\u0117: dalinai \u012fstiklinta priekin\u0117 dalis, atsidaranti \u012f vir\u0161\u0173 (dujin\u0117s amortizatoriai), du skyriai viduje ap\u0161viesti m\u0117lynu ap\u0161vietimu, blizg\u016bs PVC fasadai, spustel\u0117jimo sistema<\/p>","protected":false},"excerpt":{"rendered":"<p>Plotis (cm): 160<br \/>\n\u016agis (cm): 30<br \/>\nGylis (cm): 29<\/p>","protected":false},"featured_media":291051,"comment_status":"open","ping_status":"open","template":"","meta":[],"product_brand":[],"product_cat":[9202,2006],"product_tag":[],"class_list":{"0":"post-291050","1":"product","2":"type-product","3":"status-publish","4":"has-post-thumbnail","6":"product_cat-asm","7":"product_cat-vitrines","9":"first","10":"instock","11":"purchasable","12":"product-type-simple"},"_links":{"self":[{"href":"https:\/\/baldumarket.lt\/lt\/wp-json\/wp\/v2\/product\/291050","targetHints":{"allow":["GET"]}}],"collection":[{"href":"https:\/\/baldumarket.lt\/lt\/wp-json\/wp\/v2\/product"}],"about":[{"href":"https:\/\/baldumarket.lt\/lt\/wp-json\/wp\/v2\/types\/product"}],"replies":[{"embeddable":true,"href":"https:\/\/baldumarket.lt\/lt\/wp-json\/wp\/v2\/comments?post=291050"}],"wp:featuredmedia":[{"embeddable":true,"href":"https:\/\/baldumarket.lt\/lt\/wp-json\/wp\/v2\/media\/291051"}],"wp:attachment":[{"href":"https:\/\/baldumarket.lt\/lt\/wp-json\/wp\/v2\/media?parent=291050"}],"wp:term":[{"taxonomy":"product_brand","embeddable":true,"href":"https:\/\/baldumarket.lt\/lt\/wp-json\/wp\/v2\/product_brand?post=291050"},{"taxonomy":"product_cat","embeddable":true,"href":"https:\/\/baldumarket.lt\/lt\/wp-json\/wp\/v2\/product_cat?post=291050"},{"taxonomy":"product_tag","embeddable":true,"href":"https:\/\/baldumarket.lt\/lt\/wp-json\/wp\/v2\/product_tag?post=291050"}],"curies":[{"name":"wp","href":"https:\/\/api.w.org\/{rel}","templated":true}]}}