{"id":291038,"date":"2026-01-14T23:47:19","date_gmt":"2026-01-14T20:47:19","guid":{"rendered":"https:\/\/baldumarket.lt\/product\/fly-witryna-52-hickory-jackson-asm\/"},"modified":"2026-02-11T18:16:22","modified_gmt":"2026-02-11T15:16:22","slug":"fly-witryna-52-hickory-jackson-asm","status":"publish","type":"product","link":"https:\/\/baldumarket.lt\/lt\/product\/fly-witryna-52-hickory-jackson-asm\/","title":{"rendered":"52 Hikorio D\u017eeksono ASM skraidymo aik\u0161tel\u0117"},"content":{"rendered":"<p>Fly vitrina 52 Hickory Jackson<br \/>\nSpalva: Korpusas: Hickory Jackson Priekis: Hickory Jackson<br \/>\nMed\u017eiaga: Korpusas: Laminuota bald\u0173 plok\u0161t\u0117; Priekis: Laminuota bald\u0173 plok\u0161t\u0117<\/p>","protected":false},"excerpt":{"rendered":"<p>Plotis (cm): 160<br \/>\n\u016agis (cm): 30<br \/>\nGylis (cm): 29<br \/>\nAsambl\u0117ja<br \/>\nSavaranki\u0161kas surinkimas<br \/>\nProdukto svoris [kg]: 20<\/p>","protected":false},"featured_media":291039,"comment_status":"open","ping_status":"open","template":"","meta":[],"product_brand":[],"product_cat":[9202,2006],"product_tag":[],"class_list":{"0":"post-291038","1":"product","2":"type-product","3":"status-publish","4":"has-post-thumbnail","6":"product_cat-asm","7":"product_cat-vitrines","9":"first","10":"instock","11":"purchasable","12":"product-type-simple"},"_links":{"self":[{"href":"https:\/\/baldumarket.lt\/lt\/wp-json\/wp\/v2\/product\/291038","targetHints":{"allow":["GET"]}}],"collection":[{"href":"https:\/\/baldumarket.lt\/lt\/wp-json\/wp\/v2\/product"}],"about":[{"href":"https:\/\/baldumarket.lt\/lt\/wp-json\/wp\/v2\/types\/product"}],"replies":[{"embeddable":true,"href":"https:\/\/baldumarket.lt\/lt\/wp-json\/wp\/v2\/comments?post=291038"}],"wp:featuredmedia":[{"embeddable":true,"href":"https:\/\/baldumarket.lt\/lt\/wp-json\/wp\/v2\/media\/291039"}],"wp:attachment":[{"href":"https:\/\/baldumarket.lt\/lt\/wp-json\/wp\/v2\/media?parent=291038"}],"wp:term":[{"taxonomy":"product_brand","embeddable":true,"href":"https:\/\/baldumarket.lt\/lt\/wp-json\/wp\/v2\/product_brand?post=291038"},{"taxonomy":"product_cat","embeddable":true,"href":"https:\/\/baldumarket.lt\/lt\/wp-json\/wp\/v2\/product_cat?post=291038"},{"taxonomy":"product_tag","embeddable":true,"href":"https:\/\/baldumarket.lt\/lt\/wp-json\/wp\/v2\/product_tag?post=291038"}],"curies":[{"name":"wp","href":"https:\/\/api.w.org\/{rel}","templated":true}]}}