{"id":291028,"date":"2026-01-14T23:47:10","date_gmt":"2026-01-14T20:47:10","guid":{"rendered":"https:\/\/baldumarket.lt\/product\/garderoba-armario-iii-zestaw-asm\/"},"modified":"2026-02-11T18:16:22","modified_gmt":"2026-02-11T15:16:22","slug":"garderoba-armario-iii-zestaw-asm","status":"publish","type":"product","link":"https:\/\/baldumarket.lt\/lt\/product\/garderoba-armario-iii-zestaw-asm\/","title":{"rendered":"Armario III spintos komplektas ASM"},"content":{"rendered":"<p>Dviej\u0173 dur\u0173 spinta su apatiniu stal\u010diumi. U\u017e spintos dureli\u0173 yra vir\u0161utin\u0117 lentyna, pakabos karnizas ir apatin\u0117 lentyna. Pakabinimo plok\u0161t\u0117 su lentyna po ja turi statmen\u0105 pakab\u0105 ir du atskirus sieninius kabliukus. Po plok\u0161te yra dvidur\u0117 spintel\u0117, u\u017e kurios yra viena lentyna. Abiejose pus\u0117se yra plok\u0161t\u0117 su lentyna ir veidrod\u017eiu. Po veidrod\u017eiu yra spintel\u0117 su stal\u010diumi ir dviem durel\u0117mis, u\u017e kuri\u0173 yra dvi standartin\u0117s lentynos.<\/p>","protected":false},"excerpt":{"rendered":"<p>Plotis (cm): 180<br \/>\n\u016agis (cm): 203<br \/>\nGylis (cm): 32<\/p>","protected":false},"featured_media":291029,"comment_status":"open","ping_status":"open","template":"","meta":[],"product_brand":[],"product_cat":[9202,1177],"product_tag":[],"class_list":{"0":"post-291028","1":"product","2":"type-product","3":"status-publish","4":"has-post-thumbnail","6":"product_cat-asm","7":"product_cat-wardrobes","9":"first","10":"instock","11":"purchasable","12":"product-type-simple"},"_links":{"self":[{"href":"https:\/\/baldumarket.lt\/lt\/wp-json\/wp\/v2\/product\/291028","targetHints":{"allow":["GET"]}}],"collection":[{"href":"https:\/\/baldumarket.lt\/lt\/wp-json\/wp\/v2\/product"}],"about":[{"href":"https:\/\/baldumarket.lt\/lt\/wp-json\/wp\/v2\/types\/product"}],"replies":[{"embeddable":true,"href":"https:\/\/baldumarket.lt\/lt\/wp-json\/wp\/v2\/comments?post=291028"}],"wp:featuredmedia":[{"embeddable":true,"href":"https:\/\/baldumarket.lt\/lt\/wp-json\/wp\/v2\/media\/291029"}],"wp:attachment":[{"href":"https:\/\/baldumarket.lt\/lt\/wp-json\/wp\/v2\/media?parent=291028"}],"wp:term":[{"taxonomy":"product_brand","embeddable":true,"href":"https:\/\/baldumarket.lt\/lt\/wp-json\/wp\/v2\/product_brand?post=291028"},{"taxonomy":"product_cat","embeddable":true,"href":"https:\/\/baldumarket.lt\/lt\/wp-json\/wp\/v2\/product_cat?post=291028"},{"taxonomy":"product_tag","embeddable":true,"href":"https:\/\/baldumarket.lt\/lt\/wp-json\/wp\/v2\/product_tag?post=291028"}],"curies":[{"name":"wp","href":"https:\/\/api.w.org\/{rel}","templated":true}]}}