{"id":291020,"date":"2026-01-14T23:47:03","date_gmt":"2026-01-14T20:47:03","guid":{"rendered":"https:\/\/baldumarket.lt\/product\/garderoba-gustavo-i-zestaw-asm\/"},"modified":"2026-02-11T18:16:22","modified_gmt":"2026-02-11T15:16:22","slug":"garderoba-gustavo-i-zestaw-asm","status":"publish","type":"product","link":"https:\/\/baldumarket.lt\/lt\/product\/garderoba-gustavo-i-zestaw-asm\/","title":{"rendered":"Gustavo drabu\u017ei\u0173 spinta I ASM komplektas"},"content":{"rendered":"<p>D tipas: Panel\u0117 su lentyna, pakaba ir keturiais kabliukais. F tipas: Spintel\u0117-suolas su bat\u0173 lentyna. B+C tipai: Kolona su trimis lentynomis, \u012fskaitant dvi stiklines lentynas su LED ap\u0161vietimu, apa\u010dioje yra spintel\u0117 su stal\u010diumi ir durel\u0117mis, u\u017e kuri\u0173 yra dvi lentynos.<\/p>","protected":false},"excerpt":{"rendered":"<p>Plotis (cm): 100<br \/>\n\u016agis (cm): 200<br \/>\nGylis (cm): 35<\/p>","protected":false},"featured_media":291021,"comment_status":"open","ping_status":"open","template":"","meta":[],"product_brand":[],"product_cat":[9202,1177],"product_tag":[],"class_list":{"0":"post-291020","1":"product","2":"type-product","3":"status-publish","4":"has-post-thumbnail","6":"product_cat-asm","7":"product_cat-wardrobes","9":"first","10":"instock","11":"purchasable","12":"product-type-simple"},"_links":{"self":[{"href":"https:\/\/baldumarket.lt\/lt\/wp-json\/wp\/v2\/product\/291020","targetHints":{"allow":["GET"]}}],"collection":[{"href":"https:\/\/baldumarket.lt\/lt\/wp-json\/wp\/v2\/product"}],"about":[{"href":"https:\/\/baldumarket.lt\/lt\/wp-json\/wp\/v2\/types\/product"}],"replies":[{"embeddable":true,"href":"https:\/\/baldumarket.lt\/lt\/wp-json\/wp\/v2\/comments?post=291020"}],"wp:featuredmedia":[{"embeddable":true,"href":"https:\/\/baldumarket.lt\/lt\/wp-json\/wp\/v2\/media\/291021"}],"wp:attachment":[{"href":"https:\/\/baldumarket.lt\/lt\/wp-json\/wp\/v2\/media?parent=291020"}],"wp:term":[{"taxonomy":"product_brand","embeddable":true,"href":"https:\/\/baldumarket.lt\/lt\/wp-json\/wp\/v2\/product_brand?post=291020"},{"taxonomy":"product_cat","embeddable":true,"href":"https:\/\/baldumarket.lt\/lt\/wp-json\/wp\/v2\/product_cat?post=291020"},{"taxonomy":"product_tag","embeddable":true,"href":"https:\/\/baldumarket.lt\/lt\/wp-json\/wp\/v2\/product_tag?post=291020"}],"curies":[{"name":"wp","href":"https:\/\/api.w.org\/{rel}","templated":true}]}}