{"id":291012,"date":"2026-01-14T23:46:56","date_gmt":"2026-01-14T20:46:56","guid":{"rendered":"https:\/\/baldumarket.lt\/product\/garderoba-gustavo-iii-zestaw-asm\/"},"modified":"2026-02-11T18:16:23","modified_gmt":"2026-02-11T15:16:23","slug":"garderoba-gustavo-iii-zestaw-asm","status":"publish","type":"product","link":"https:\/\/baldumarket.lt\/lt\/product\/garderoba-gustavo-iii-zestaw-asm\/","title":{"rendered":"Gustavo III drabu\u017ei\u0173 spinta ASM"},"content":{"rendered":"<p>A tipas: Stulpelis: durys, u\u017e kuri\u0173 yra lentyna ir statmena pakabinimo karnizo konstrukcija. Apa\u010dioje yra atvartas, u\u017e kurio yra vienas skyrius. D tipas: Panel\u0117 su lentyna, pakabinimo karnizu ir keturiais kabliukais. F tipas: Spintel\u0117-suoliukas su bat\u0173 lentyna. E tipas: Veidrodis su lentyna. G tipas: Komoda: stal\u010dius, po kuriuo yra dvejos durel\u0117s, u\u017e kuri\u0173 yra dvi lentynos.<\/p>","protected":false},"excerpt":{"rendered":"<p>Plotis (cm): 170<br \/>\n\u016agis (cm): 200<br \/>\nGylis (cm): 35<\/p>","protected":false},"featured_media":291013,"comment_status":"open","ping_status":"open","template":"","meta":[],"product_brand":[],"product_cat":[9202,1177],"product_tag":[],"class_list":{"0":"post-291012","1":"product","2":"type-product","3":"status-publish","4":"has-post-thumbnail","6":"product_cat-asm","7":"product_cat-wardrobes","9":"first","10":"instock","11":"purchasable","12":"product-type-simple"},"_links":{"self":[{"href":"https:\/\/baldumarket.lt\/lt\/wp-json\/wp\/v2\/product\/291012","targetHints":{"allow":["GET"]}}],"collection":[{"href":"https:\/\/baldumarket.lt\/lt\/wp-json\/wp\/v2\/product"}],"about":[{"href":"https:\/\/baldumarket.lt\/lt\/wp-json\/wp\/v2\/types\/product"}],"replies":[{"embeddable":true,"href":"https:\/\/baldumarket.lt\/lt\/wp-json\/wp\/v2\/comments?post=291012"}],"wp:featuredmedia":[{"embeddable":true,"href":"https:\/\/baldumarket.lt\/lt\/wp-json\/wp\/v2\/media\/291013"}],"wp:attachment":[{"href":"https:\/\/baldumarket.lt\/lt\/wp-json\/wp\/v2\/media?parent=291012"}],"wp:term":[{"taxonomy":"product_brand","embeddable":true,"href":"https:\/\/baldumarket.lt\/lt\/wp-json\/wp\/v2\/product_brand?post=291012"},{"taxonomy":"product_cat","embeddable":true,"href":"https:\/\/baldumarket.lt\/lt\/wp-json\/wp\/v2\/product_cat?post=291012"},{"taxonomy":"product_tag","embeddable":true,"href":"https:\/\/baldumarket.lt\/lt\/wp-json\/wp\/v2\/product_tag?post=291012"}],"curies":[{"name":"wp","href":"https:\/\/api.w.org\/{rel}","templated":true}]}}