{"id":291000,"date":"2026-01-14T23:46:46","date_gmt":"2026-01-14T20:46:46","guid":{"rendered":"https:\/\/baldumarket.lt\/product\/gustavo-ix-zestaw-asm\/"},"modified":"2026-02-11T18:16:23","modified_gmt":"2026-02-11T15:16:23","slug":"gustavo-ix-zestaw-asm","status":"publish","type":"product","link":"https:\/\/baldumarket.lt\/lt\/product\/gustavo-ix-zestaw-asm\/","title":{"rendered":"Gustavo IX ASM rinktin\u0117"},"content":{"rendered":"<p>Gustavo IX rinkinys<br \/>\nKolona: durys, u\u017e kuri\u0173 yra lentyna, ir statmena pakaba. Apa\u010dioje yra atvartas, u\u017e kurio yra vienas skyrius. Apmu\u0161tas skydelis su lentyna ir keturiais sieniniais kabliukais. Spintel\u0117\/suoliukas su bat\u0173 lentyna. Veidrodis su lentyna. Komoda: stal\u010dius, po kuriuo yra dvejos durys, u\u017e kuri\u0173 yra dvi lentynos. Kolonoje yra trys lentynos, \u012fskaitant dvi stiklines lentynas su LED ap\u0161vietimu. Apa\u010dioje yra spintel\u0117 su stal\u010diumi ir durel\u0117mis, u\u017e kuri\u0173 yra dvi lentynos. Pagalv\u0117l\u0117s ne\u012fskai\u010diuotos.<br \/>\nSpalva: Korpusas: Velingtono \u0105\u017euolas; Priekis: Blizgi balta PVC, Velingtono \u0105\u017euolo PVC (su grioveliais), sm\u0117lio spalvos apmu\u0161tos panel\u0117s<br \/>\nMed\u017eiaga: Korpusas: laminuotas MDF, stiklas, apmu\u0161ta plok\u0161t\u0117; Priekis: MDF, PVC folija<\/p>","protected":false},"excerpt":{"rendered":"<p>Plotis (cm): 210<br \/>\n\u016agis (cm): 200<br \/>\nGylis (cm): 35<br \/>\nAsambl\u0117ja<br \/>\nSavaranki\u0161kas surinkimas<br \/>\nProdukto svoris [kg]: 143<\/p>","protected":false},"featured_media":291001,"comment_status":"open","ping_status":"open","template":"","meta":[],"product_brand":[],"product_cat":[9202,1177],"product_tag":[],"class_list":{"0":"post-291000","1":"product","2":"type-product","3":"status-publish","4":"has-post-thumbnail","6":"product_cat-asm","7":"product_cat-wardrobes","9":"first","10":"instock","11":"purchasable","12":"product-type-simple"},"_links":{"self":[{"href":"https:\/\/baldumarket.lt\/lt\/wp-json\/wp\/v2\/product\/291000","targetHints":{"allow":["GET"]}}],"collection":[{"href":"https:\/\/baldumarket.lt\/lt\/wp-json\/wp\/v2\/product"}],"about":[{"href":"https:\/\/baldumarket.lt\/lt\/wp-json\/wp\/v2\/types\/product"}],"replies":[{"embeddable":true,"href":"https:\/\/baldumarket.lt\/lt\/wp-json\/wp\/v2\/comments?post=291000"}],"wp:featuredmedia":[{"embeddable":true,"href":"https:\/\/baldumarket.lt\/lt\/wp-json\/wp\/v2\/media\/291001"}],"wp:attachment":[{"href":"https:\/\/baldumarket.lt\/lt\/wp-json\/wp\/v2\/media?parent=291000"}],"wp:term":[{"taxonomy":"product_brand","embeddable":true,"href":"https:\/\/baldumarket.lt\/lt\/wp-json\/wp\/v2\/product_brand?post=291000"},{"taxonomy":"product_cat","embeddable":true,"href":"https:\/\/baldumarket.lt\/lt\/wp-json\/wp\/v2\/product_cat?post=291000"},{"taxonomy":"product_tag","embeddable":true,"href":"https:\/\/baldumarket.lt\/lt\/wp-json\/wp\/v2\/product_tag?post=291000"}],"curies":[{"name":"wp","href":"https:\/\/api.w.org\/{rel}","templated":true}]}}