{"id":290992,"date":"2026-01-14T23:46:40","date_gmt":"2026-01-14T20:46:40","guid":{"rendered":"https:\/\/baldumarket.lt\/product\/gustavo-vii-zestaw-asm\/"},"modified":"2026-02-11T18:16:23","modified_gmt":"2026-02-11T15:16:23","slug":"gustavo-vii-zestaw-asm","status":"publish","type":"product","link":"https:\/\/baldumarket.lt\/lt\/product\/gustavo-vii-zestaw-asm\/","title":{"rendered":"Gustavo VII ASM rinktin\u0117"},"content":{"rendered":"<p>Gustavo VII rinkinys<br \/>\nApmu\u0161tas skydelis su lentyna ir 4 sieniniais kabliukais. Indau su bat\u0173 lentyna. Veidrodis su lentyna. Komoda: stal\u010dius, dvejos durel\u0117s su dviem lentynomis apa\u010dioje. Pagalv\u0117l\u0117 ne\u012fskai\u010diuota.<br \/>\nSpalva: Korpusas: Velingtono \u0105\u017euolas; Priekis: Blizgi balta PVC, Velingtono \u0105\u017euolo PVC (su grioveliais); Sm\u0117lio spalvos apmu\u0161tos panel\u0117s<br \/>\nMed\u017eiaga: Korpusas: laminuota MDF plok\u0161t\u0117, stiklas, apmu\u0161ta plok\u0161t\u0117. Priekin\u0117 dalis: MDF plok\u0161t\u0117, PVC folija.<\/p>","protected":false},"excerpt":{"rendered":"<p>Plotis (cm): 120<br \/>\n\u016agis (cm): 200<br \/>\nGylis (cm): 35<br \/>\nAsambl\u0117ja<br \/>\nSavaranki\u0161kas surinkimas<br \/>\nProdukto svoris [kg]: 70<\/p>","protected":false},"featured_media":290993,"comment_status":"open","ping_status":"open","template":"","meta":[],"product_brand":[],"product_cat":[9202,1177],"product_tag":[],"class_list":{"0":"post-290992","1":"product","2":"type-product","3":"status-publish","4":"has-post-thumbnail","6":"product_cat-asm","7":"product_cat-wardrobes","9":"first","10":"instock","11":"purchasable","12":"product-type-simple"},"_links":{"self":[{"href":"https:\/\/baldumarket.lt\/lt\/wp-json\/wp\/v2\/product\/290992","targetHints":{"allow":["GET"]}}],"collection":[{"href":"https:\/\/baldumarket.lt\/lt\/wp-json\/wp\/v2\/product"}],"about":[{"href":"https:\/\/baldumarket.lt\/lt\/wp-json\/wp\/v2\/types\/product"}],"replies":[{"embeddable":true,"href":"https:\/\/baldumarket.lt\/lt\/wp-json\/wp\/v2\/comments?post=290992"}],"wp:featuredmedia":[{"embeddable":true,"href":"https:\/\/baldumarket.lt\/lt\/wp-json\/wp\/v2\/media\/290993"}],"wp:attachment":[{"href":"https:\/\/baldumarket.lt\/lt\/wp-json\/wp\/v2\/media?parent=290992"}],"wp:term":[{"taxonomy":"product_brand","embeddable":true,"href":"https:\/\/baldumarket.lt\/lt\/wp-json\/wp\/v2\/product_brand?post=290992"},{"taxonomy":"product_cat","embeddable":true,"href":"https:\/\/baldumarket.lt\/lt\/wp-json\/wp\/v2\/product_cat?post=290992"},{"taxonomy":"product_tag","embeddable":true,"href":"https:\/\/baldumarket.lt\/lt\/wp-json\/wp\/v2\/product_tag?post=290992"}],"curies":[{"name":"wp","href":"https:\/\/api.w.org\/{rel}","templated":true}]}}