{"id":290988,"date":"2026-01-14T23:46:37","date_gmt":"2026-01-14T20:46:37","guid":{"rendered":"https:\/\/baldumarket.lt\/product\/gustavo-x-zestaw-asm\/"},"modified":"2026-02-11T18:16:24","modified_gmt":"2026-02-11T15:16:24","slug":"gustavo-x-zestaw-asm","status":"publish","type":"product","link":"https:\/\/baldumarket.lt\/lt\/product\/gustavo-x-zestaw-asm\/","title":{"rendered":"Gustavo X ASM rinktin\u0117"},"content":{"rendered":"<p>Gustavo X rinkinys<br \/>\nStulpelis: durel\u0117s, u\u017e kuri\u0173 yra lentyna ir statmena pakaba. Apa\u010dioje yra atvartas, u\u017e kurio yra vienas skyrius. Apmu\u0161tas skydelis su lentyna ir 4 sieniniais kabliukais. Spintel\u0117-suoliukas su bat\u0173 lentyna. Pagalv\u0117l\u0117 nepridedama.<br \/>\nSpalva: Korpusas: Velingtono \u0105\u017euolas; Priekis: Blizgi balta PVC, Velingtono \u0105\u017euolo PVC (su grioveliais), sm\u0117lio spalvos apmu\u0161tos panel\u0117s<br \/>\nMed\u017eiaga: Korpusas: laminuota bald\u0173 plok\u0161t\u0117, apmu\u0161ta dailylent\u0117. Priekin\u0117 dalis: MDF, PVC pl\u0117vel\u0117.<\/p>","protected":false},"excerpt":{"rendered":"<p>Plotis (cm): 110<br \/>\n\u016agis (cm): 200<br \/>\nGylis (cm): 35<br \/>\nSurinkimas: Savaranki\u0161kas surinkimas<br \/>\nProdukto svoris [kg]: 66<\/p>","protected":false},"featured_media":290989,"comment_status":"open","ping_status":"open","template":"","meta":[],"product_brand":[],"product_cat":[9202,1177],"product_tag":[],"class_list":{"0":"post-290988","1":"product","2":"type-product","3":"status-publish","4":"has-post-thumbnail","6":"product_cat-asm","7":"product_cat-wardrobes","9":"first","10":"instock","11":"purchasable","12":"product-type-simple"},"_links":{"self":[{"href":"https:\/\/baldumarket.lt\/lt\/wp-json\/wp\/v2\/product\/290988","targetHints":{"allow":["GET"]}}],"collection":[{"href":"https:\/\/baldumarket.lt\/lt\/wp-json\/wp\/v2\/product"}],"about":[{"href":"https:\/\/baldumarket.lt\/lt\/wp-json\/wp\/v2\/types\/product"}],"replies":[{"embeddable":true,"href":"https:\/\/baldumarket.lt\/lt\/wp-json\/wp\/v2\/comments?post=290988"}],"wp:featuredmedia":[{"embeddable":true,"href":"https:\/\/baldumarket.lt\/lt\/wp-json\/wp\/v2\/media\/290989"}],"wp:attachment":[{"href":"https:\/\/baldumarket.lt\/lt\/wp-json\/wp\/v2\/media?parent=290988"}],"wp:term":[{"taxonomy":"product_brand","embeddable":true,"href":"https:\/\/baldumarket.lt\/lt\/wp-json\/wp\/v2\/product_brand?post=290988"},{"taxonomy":"product_cat","embeddable":true,"href":"https:\/\/baldumarket.lt\/lt\/wp-json\/wp\/v2\/product_cat?post=290988"},{"taxonomy":"product_tag","embeddable":true,"href":"https:\/\/baldumarket.lt\/lt\/wp-json\/wp\/v2\/product_tag?post=290988"}],"curies":[{"name":"wp","href":"https:\/\/api.w.org\/{rel}","templated":true}]}}