{"id":290986,"date":"2026-01-14T23:46:35","date_gmt":"2026-01-14T20:46:35","guid":{"rendered":"https:\/\/baldumarket.lt\/product\/gustavo-x-zestaw-z-poduszka-asm\/"},"modified":"2026-02-11T18:16:24","modified_gmt":"2026-02-11T15:16:24","slug":"gustavo-x-zestaw-z-poduszka-asm","status":"publish","type":"product","link":"https:\/\/baldumarket.lt\/lt\/product\/gustavo-x-zestaw-z-poduszka-asm\/","title":{"rendered":"Gustavo X komplektas su ASM pagalve"},"content":{"rendered":"<p>Gustavo X komplektas su pagalv\u0117le<br \/>\nKOMPLEKTAS + PAGALV\u0116L\u0116<br \/>\nSpalva: Korpusas: Velingtono \u0105\u017euolas, Priekis: Blizgi balta PVC, Velingtono \u0105\u017euolo PVC (su grioveliais), Apmu\u0161ta sm\u0117lio spalvos panel\u0117, Pagalv\u0117l\u0117 \u2013 aksomin\u0117 sm\u0117lio spalvos<br \/>\nMed\u017eiaga: Korpusas: laminuota MDF plok\u0161t\u0117, apmu\u0161ta plok\u0161t\u0117 IR pagalv\u0117l\u0117, priekis: MDF plok\u0161t\u0117, PVC folija<\/p>","protected":false},"excerpt":{"rendered":"<p>Plotis (cm): 110<br \/>\n\u016agis (cm): 200<br \/>\nGylis (cm): 35<br \/>\nAsambl\u0117ja<br \/>\nSavaranki\u0161kas surinkimas<br \/>\nProdukto svoris [kg]: 66,5<\/p>","protected":false},"featured_media":290987,"comment_status":"open","ping_status":"open","template":"","meta":[],"product_brand":[],"product_cat":[9202,1177],"product_tag":[],"class_list":{"0":"post-290986","1":"product","2":"type-product","3":"status-publish","4":"has-post-thumbnail","6":"product_cat-asm","7":"product_cat-wardrobes","9":"first","10":"instock","11":"purchasable","12":"product-type-simple"},"_links":{"self":[{"href":"https:\/\/baldumarket.lt\/lt\/wp-json\/wp\/v2\/product\/290986","targetHints":{"allow":["GET"]}}],"collection":[{"href":"https:\/\/baldumarket.lt\/lt\/wp-json\/wp\/v2\/product"}],"about":[{"href":"https:\/\/baldumarket.lt\/lt\/wp-json\/wp\/v2\/types\/product"}],"replies":[{"embeddable":true,"href":"https:\/\/baldumarket.lt\/lt\/wp-json\/wp\/v2\/comments?post=290986"}],"wp:featuredmedia":[{"embeddable":true,"href":"https:\/\/baldumarket.lt\/lt\/wp-json\/wp\/v2\/media\/290987"}],"wp:attachment":[{"href":"https:\/\/baldumarket.lt\/lt\/wp-json\/wp\/v2\/media?parent=290986"}],"wp:term":[{"taxonomy":"product_brand","embeddable":true,"href":"https:\/\/baldumarket.lt\/lt\/wp-json\/wp\/v2\/product_brand?post=290986"},{"taxonomy":"product_cat","embeddable":true,"href":"https:\/\/baldumarket.lt\/lt\/wp-json\/wp\/v2\/product_cat?post=290986"},{"taxonomy":"product_tag","embeddable":true,"href":"https:\/\/baldumarket.lt\/lt\/wp-json\/wp\/v2\/product_tag?post=290986"}],"curies":[{"name":"wp","href":"https:\/\/api.w.org\/{rel}","templated":true}]}}