{"id":290982,"date":"2026-01-14T23:46:32","date_gmt":"2026-01-14T20:46:32","guid":{"rendered":"https:\/\/baldumarket.lt\/product\/hugo-typ-fp2-asm\/"},"modified":"2026-02-11T18:16:24","modified_gmt":"2026-02-11T15:16:24","slug":"hugo-typ-fp2-asm","status":"publish","type":"product","link":"https:\/\/baldumarket.lt\/lt\/product\/hugo-typ-fp2-asm\/","title":{"rendered":"Hugo tipo F+P2 ASM"},"content":{"rendered":"<p>Hugo tipo F+P2<br \/>\nSpalva: Korpusas: ka\u0161myras, juoda Priekis: ka\u0161myras, juoda, juodos juostel\u0117s (ra\u0161tas) Aksomin\u0117 sm\u0117lio spalvos pagalv\u0117l\u0117<br \/>\nMed\u017eiaga: Korpusas: laminuota bald\u0173 plok\u0161t\u0117 Priekis: laminuota bald\u0173 plok\u0161t\u0117, apmu\u0161tos pagalv\u0117l\u0117s<\/p>","protected":false},"excerpt":{"rendered":"<p>Plotis (cm): 60<br \/>\n\u016agis (cm): 50<br \/>\nGylis (cm): 32<br \/>\nAsambl\u0117ja<br \/>\nSavaranki\u0161kas surinkimas<br \/>\nProdukto svoris [kg]: 14,5<\/p>","protected":false},"featured_media":290983,"comment_status":"open","ping_status":"open","template":"","meta":[],"product_brand":[],"product_cat":[9202,1997],"product_tag":[],"class_list":{"0":"post-290982","1":"product","2":"type-product","3":"status-publish","4":"has-post-thumbnail","6":"product_cat-asm","7":"product_cat-shoe-cabinets","9":"first","10":"instock","11":"purchasable","12":"product-type-simple"},"_links":{"self":[{"href":"https:\/\/baldumarket.lt\/lt\/wp-json\/wp\/v2\/product\/290982","targetHints":{"allow":["GET"]}}],"collection":[{"href":"https:\/\/baldumarket.lt\/lt\/wp-json\/wp\/v2\/product"}],"about":[{"href":"https:\/\/baldumarket.lt\/lt\/wp-json\/wp\/v2\/types\/product"}],"replies":[{"embeddable":true,"href":"https:\/\/baldumarket.lt\/lt\/wp-json\/wp\/v2\/comments?post=290982"}],"wp:featuredmedia":[{"embeddable":true,"href":"https:\/\/baldumarket.lt\/lt\/wp-json\/wp\/v2\/media\/290983"}],"wp:attachment":[{"href":"https:\/\/baldumarket.lt\/lt\/wp-json\/wp\/v2\/media?parent=290982"}],"wp:term":[{"taxonomy":"product_brand","embeddable":true,"href":"https:\/\/baldumarket.lt\/lt\/wp-json\/wp\/v2\/product_brand?post=290982"},{"taxonomy":"product_cat","embeddable":true,"href":"https:\/\/baldumarket.lt\/lt\/wp-json\/wp\/v2\/product_cat?post=290982"},{"taxonomy":"product_tag","embeddable":true,"href":"https:\/\/baldumarket.lt\/lt\/wp-json\/wp\/v2\/product_tag?post=290982"}],"curies":[{"name":"wp","href":"https:\/\/api.w.org\/{rel}","templated":true}]}}