{"id":290978,"date":"2026-01-14T23:46:29","date_gmt":"2026-01-14T20:46:29","guid":{"rendered":"https:\/\/baldumarket.lt\/product\/hugo-typ-p2-asm\/"},"modified":"2026-02-11T18:16:24","modified_gmt":"2026-02-11T15:16:24","slug":"hugo-typ-p2-asm","status":"publish","type":"product","link":"https:\/\/baldumarket.lt\/lt\/product\/hugo-typ-p2-asm\/","title":{"rendered":"Hugo tipo P2 ASM"},"content":{"rendered":"<p>Hugo tipo P2<br \/>\nSpalva: aksomin\u0117 sm\u0117lio spalvos pagalv\u0117l\u0117<br \/>\nDizainas: Korpusas: apmu\u0161tas pagalv\u0117l\u0117<br \/>\nPriekin\u0117 dalis:<\/p>","protected":false},"excerpt":{"rendered":"<p>Plotis (cm): 60<br \/>\n\u016agis (cm): 4<br \/>\nGylis (cm): 32<br \/>\nAsambl\u0117ja<br \/>\nSavaranki\u0161kas surinkimas<\/p>","protected":false},"featured_media":290979,"comment_status":"open","ping_status":"open","template":"","meta":[],"product_brand":[],"product_cat":[9202,1043],"product_tag":[],"class_list":{"0":"post-290978","1":"product","2":"type-product","3":"status-publish","4":"has-post-thumbnail","6":"product_cat-asm","7":"product_cat-extras","9":"first","10":"instock","11":"purchasable","12":"product-type-simple"},"_links":{"self":[{"href":"https:\/\/baldumarket.lt\/lt\/wp-json\/wp\/v2\/product\/290978","targetHints":{"allow":["GET"]}}],"collection":[{"href":"https:\/\/baldumarket.lt\/lt\/wp-json\/wp\/v2\/product"}],"about":[{"href":"https:\/\/baldumarket.lt\/lt\/wp-json\/wp\/v2\/types\/product"}],"replies":[{"embeddable":true,"href":"https:\/\/baldumarket.lt\/lt\/wp-json\/wp\/v2\/comments?post=290978"}],"wp:featuredmedia":[{"embeddable":true,"href":"https:\/\/baldumarket.lt\/lt\/wp-json\/wp\/v2\/media\/290979"}],"wp:attachment":[{"href":"https:\/\/baldumarket.lt\/lt\/wp-json\/wp\/v2\/media?parent=290978"}],"wp:term":[{"taxonomy":"product_brand","embeddable":true,"href":"https:\/\/baldumarket.lt\/lt\/wp-json\/wp\/v2\/product_brand?post=290978"},{"taxonomy":"product_cat","embeddable":true,"href":"https:\/\/baldumarket.lt\/lt\/wp-json\/wp\/v2\/product_cat?post=290978"},{"taxonomy":"product_tag","embeddable":true,"href":"https:\/\/baldumarket.lt\/lt\/wp-json\/wp\/v2\/product_tag?post=290978"}],"curies":[{"name":"wp","href":"https:\/\/api.w.org\/{rel}","templated":true}]}}