{"id":290972,"date":"2026-01-14T23:46:24","date_gmt":"2026-01-14T20:46:24","guid":{"rendered":"https:\/\/baldumarket.lt\/product\/mebloscianka-cross-asm\/"},"modified":"2026-02-11T18:16:24","modified_gmt":"2026-02-11T15:16:24","slug":"mebloscianka-cross-asm","status":"publish","type":"product","link":"https:\/\/baldumarket.lt\/lt\/product\/mebloscianka-cross-asm\/","title":{"rendered":"Kry\u017emin\u0117 ASM sienin\u0117 spintel\u0117"},"content":{"rendered":"<p>RTV: atviras skyrius, ap\u0161viestas baltu \u201eQuad LED\u201c ap\u0161vietimu. Vienas stal\u010dius. Dvejos durys, kiekvienose po vien\u0105 skyri\u0173. Durys ir stal\u010dius atsidaro spragtel\u0117jus. Auk\u0161ta vitrina: centre atviras skyrius, ap\u0161viestas baltu \u201eQuad LED\u201c ap\u0161vietimu. Vir\u0161uje dvejos durys, kiekvienose po vien\u0105 skyri\u0173. De\u0161in\u0117je durys, u\u017e j\u0173 \u2013 3 lentynos. Kair\u0117je durys, u\u017e j\u0173 \u2013 2 lentynos. Durys atsidaro spragtel\u0117jus. \u017dema vitrina: centre atviras skyrius, ap\u0161viestas baltu \u201eQuad LED\u201c ap\u0161vietimu. Vir\u0161uje du stal\u010diai. Kair\u0117je durys, u\u017e j\u0173 \u2013 viena standartin\u0117 lentyna. De\u0161in\u0117je durys, u\u017e j\u0173 \u2013 viena standartin\u0117 lentyna. Durys atsidaro spragtel\u0117jus. Lentyna.<\/p>","protected":false},"excerpt":{"rendered":"<p>Plotis (cm): 330<br \/>\n\u016agis (cm): 195<br \/>\nGylis (cm): 50<\/p>","protected":false},"featured_media":290973,"comment_status":"open","ping_status":"open","template":"","meta":[],"product_brand":[],"product_cat":[9202,2008],"product_tag":[],"class_list":{"0":"post-290972","1":"product","2":"type-product","3":"status-publish","4":"has-post-thumbnail","6":"product_cat-asm","7":"product_cat-wall-units","9":"first","10":"instock","11":"purchasable","12":"product-type-simple"},"_links":{"self":[{"href":"https:\/\/baldumarket.lt\/lt\/wp-json\/wp\/v2\/product\/290972","targetHints":{"allow":["GET"]}}],"collection":[{"href":"https:\/\/baldumarket.lt\/lt\/wp-json\/wp\/v2\/product"}],"about":[{"href":"https:\/\/baldumarket.lt\/lt\/wp-json\/wp\/v2\/types\/product"}],"replies":[{"embeddable":true,"href":"https:\/\/baldumarket.lt\/lt\/wp-json\/wp\/v2\/comments?post=290972"}],"wp:featuredmedia":[{"embeddable":true,"href":"https:\/\/baldumarket.lt\/lt\/wp-json\/wp\/v2\/media\/290973"}],"wp:attachment":[{"href":"https:\/\/baldumarket.lt\/lt\/wp-json\/wp\/v2\/media?parent=290972"}],"wp:term":[{"taxonomy":"product_brand","embeddable":true,"href":"https:\/\/baldumarket.lt\/lt\/wp-json\/wp\/v2\/product_brand?post=290972"},{"taxonomy":"product_cat","embeddable":true,"href":"https:\/\/baldumarket.lt\/lt\/wp-json\/wp\/v2\/product_cat?post=290972"},{"taxonomy":"product_tag","embeddable":true,"href":"https:\/\/baldumarket.lt\/lt\/wp-json\/wp\/v2\/product_tag?post=290972"}],"curies":[{"name":"wp","href":"https:\/\/api.w.org\/{rel}","templated":true}]}}