{"id":290964,"date":"2026-01-14T23:46:17","date_gmt":"2026-01-14T20:46:17","guid":{"rendered":"https:\/\/baldumarket.lt\/product\/mebloscianka-dorade-5-asm\/"},"modified":"2026-02-11T18:16:24","modified_gmt":"2026-02-11T15:16:24","slug":"mebloscianka-dorade-5-asm","status":"publish","type":"product","link":"https:\/\/baldumarket.lt\/lt\/product\/mebloscianka-dorade-5-asm\/","title":{"rendered":"\u201eDorade 5 ASM\u201c sienin\u0117 spintel\u0117"},"content":{"rendered":"<p>Keturios vien\u0173 dureli\u0173 vitrinos su \u012fleid\u017eiamu stiklu, blizgiu pavir\u0161iumi, kiekvienoje yra po vien\u0105 stiklin\u0119 lentyn\u0105 ir dvi standartines lentynas. \u0160onin\u0117s televizoriaus spintel\u0117s su vienu atvartu, kiekvienoje yra du skyriai. Centrin\u0117je televizoriaus spintel\u0117je yra du atviri skyriai, du stal\u010diai bendrame priekyje, pakabinimo sienel\u0117 su pasyviu ap\u0161vietimu u\u017e CD skirtuko ir viena lentyna vir\u0161uje. Visas ap\u0161vietimas yra komplekte (fluorescencin\u0117s ir dvi dvigubos LED lemput\u0117s).<\/p>","protected":false},"excerpt":{"rendered":"<p>Plotis (cm): 300<br \/>\n\u016agis (cm): 190<br \/>\nGylis (cm): 45<\/p>","protected":false},"featured_media":290965,"comment_status":"open","ping_status":"open","template":"","meta":[],"product_brand":[],"product_cat":[9202,2008],"product_tag":[],"class_list":{"0":"post-290964","1":"product","2":"type-product","3":"status-publish","4":"has-post-thumbnail","6":"product_cat-asm","7":"product_cat-wall-units","9":"first","10":"instock","11":"purchasable","12":"product-type-simple"},"_links":{"self":[{"href":"https:\/\/baldumarket.lt\/lt\/wp-json\/wp\/v2\/product\/290964","targetHints":{"allow":["GET"]}}],"collection":[{"href":"https:\/\/baldumarket.lt\/lt\/wp-json\/wp\/v2\/product"}],"about":[{"href":"https:\/\/baldumarket.lt\/lt\/wp-json\/wp\/v2\/types\/product"}],"replies":[{"embeddable":true,"href":"https:\/\/baldumarket.lt\/lt\/wp-json\/wp\/v2\/comments?post=290964"}],"wp:featuredmedia":[{"embeddable":true,"href":"https:\/\/baldumarket.lt\/lt\/wp-json\/wp\/v2\/media\/290965"}],"wp:attachment":[{"href":"https:\/\/baldumarket.lt\/lt\/wp-json\/wp\/v2\/media?parent=290964"}],"wp:term":[{"taxonomy":"product_brand","embeddable":true,"href":"https:\/\/baldumarket.lt\/lt\/wp-json\/wp\/v2\/product_brand?post=290964"},{"taxonomy":"product_cat","embeddable":true,"href":"https:\/\/baldumarket.lt\/lt\/wp-json\/wp\/v2\/product_cat?post=290964"},{"taxonomy":"product_tag","embeddable":true,"href":"https:\/\/baldumarket.lt\/lt\/wp-json\/wp\/v2\/product_tag?post=290964"}],"curies":[{"name":"wp","href":"https:\/\/api.w.org\/{rel}","templated":true}]}}