{"id":290948,"date":"2026-01-14T23:46:04","date_gmt":"2026-01-14T20:46:04","guid":{"rendered":"https:\/\/baldumarket.lt\/product\/mebloscianka-fly-c2-asm\/"},"modified":"2026-02-11T18:16:25","modified_gmt":"2026-02-11T15:16:25","slug":"mebloscianka-fly-c2-asm","status":"publish","type":"product","link":"https:\/\/baldumarket.lt\/lt\/product\/mebloscianka-fly-c2-asm\/","title":{"rendered":"Fly C2 ASM sienin\u0117 spintel\u0117"},"content":{"rendered":"<p>\u012e komplekt\u0105 \u012feina:<br \/>\nTV spintel\u0117, 30 tipas: atvartas su dviem vyriais, trys skyriai viduje<br \/>\n3 x 41 tipo vitrinos: trys stiklin\u0117s lentynos viduje su trimis m\u0117lynais LED ap\u0161vietimais, universalus dur\u0173 tvirtinimas (de\u0161in\u0117 arba kair\u0117 pus\u0117)<br \/>\nPridedamos dvi lentynos (mi\u0161rus)<br \/>\nBlizg\u016bs PVC fasadai su spustel\u0117jimo sistema<\/p>","protected":false},"excerpt":{"rendered":"<p>Plotis (cm): 310<br \/>\n\u016agis (cm): 190<br \/>\nGylis (cm): 40<\/p>","protected":false},"featured_media":290949,"comment_status":"open","ping_status":"open","template":"","meta":[],"product_brand":[],"product_cat":[9202,2008],"product_tag":[],"class_list":{"0":"post-290948","1":"product","2":"type-product","3":"status-publish","4":"has-post-thumbnail","6":"product_cat-asm","7":"product_cat-wall-units","9":"first","10":"instock","11":"purchasable","12":"product-type-simple"},"_links":{"self":[{"href":"https:\/\/baldumarket.lt\/lt\/wp-json\/wp\/v2\/product\/290948","targetHints":{"allow":["GET"]}}],"collection":[{"href":"https:\/\/baldumarket.lt\/lt\/wp-json\/wp\/v2\/product"}],"about":[{"href":"https:\/\/baldumarket.lt\/lt\/wp-json\/wp\/v2\/types\/product"}],"replies":[{"embeddable":true,"href":"https:\/\/baldumarket.lt\/lt\/wp-json\/wp\/v2\/comments?post=290948"}],"wp:featuredmedia":[{"embeddable":true,"href":"https:\/\/baldumarket.lt\/lt\/wp-json\/wp\/v2\/media\/290949"}],"wp:attachment":[{"href":"https:\/\/baldumarket.lt\/lt\/wp-json\/wp\/v2\/media?parent=290948"}],"wp:term":[{"taxonomy":"product_brand","embeddable":true,"href":"https:\/\/baldumarket.lt\/lt\/wp-json\/wp\/v2\/product_brand?post=290948"},{"taxonomy":"product_cat","embeddable":true,"href":"https:\/\/baldumarket.lt\/lt\/wp-json\/wp\/v2\/product_cat?post=290948"},{"taxonomy":"product_tag","embeddable":true,"href":"https:\/\/baldumarket.lt\/lt\/wp-json\/wp\/v2\/product_tag?post=290948"}],"curies":[{"name":"wp","href":"https:\/\/api.w.org\/{rel}","templated":true}]}}