{"id":290940,"date":"2026-01-14T23:45:58","date_gmt":"2026-01-14T20:45:58","guid":{"rendered":"https:\/\/baldumarket.lt\/product\/mebloscianka-lyra-asm\/"},"modified":"2026-02-11T18:16:25","modified_gmt":"2026-02-11T15:16:25","slug":"mebloscianka-lyra-asm","status":"publish","type":"product","link":"https:\/\/baldumarket.lt\/lt\/product\/mebloscianka-lyra-asm\/","title":{"rendered":"Lyra ASM sienin\u0117 spintel\u0117"},"content":{"rendered":"<p>4 pakabinamos vitrinos, prie MDF r\u0117mo priklijuotas \u0161ilkografiniu b\u016bdu spausdintas stiklas, su viena stikline lentyna ir dviem standartin\u0117mis lentynomis viduje. 3 televizoriaus spintel\u0117s: \u0161onin\u0117s televizoriaus spintel\u0117s su vienu atvartu, po du skyrius kiekvienoje. Centrin\u0117 televizoriaus spintel\u0117 su dviem atvirais skyriais, dviem stal\u010diais bendrame priekyje, pakabinama panel\u0117 su pasyviu ap\u0161vietimu u\u017e CD skirtuko ir viena lentyna vir\u0161uje. Visas ap\u0161vietimas yra komplekte (fluorescencinis vamzdelis ir du dvigubi m\u0117lyni LED).<\/p>","protected":false},"excerpt":{"rendered":"<p>Plotis (cm): 300<br \/>\n\u016agis (cm): 190<br \/>\nGylis (cm): 45<\/p>","protected":false},"featured_media":290941,"comment_status":"open","ping_status":"open","template":"","meta":[],"product_brand":[],"product_cat":[9202,2008],"product_tag":[],"class_list":{"0":"post-290940","1":"product","2":"type-product","3":"status-publish","4":"has-post-thumbnail","6":"product_cat-asm","7":"product_cat-wall-units","9":"first","10":"instock","11":"purchasable","12":"product-type-simple"},"_links":{"self":[{"href":"https:\/\/baldumarket.lt\/lt\/wp-json\/wp\/v2\/product\/290940","targetHints":{"allow":["GET"]}}],"collection":[{"href":"https:\/\/baldumarket.lt\/lt\/wp-json\/wp\/v2\/product"}],"about":[{"href":"https:\/\/baldumarket.lt\/lt\/wp-json\/wp\/v2\/types\/product"}],"replies":[{"embeddable":true,"href":"https:\/\/baldumarket.lt\/lt\/wp-json\/wp\/v2\/comments?post=290940"}],"wp:featuredmedia":[{"embeddable":true,"href":"https:\/\/baldumarket.lt\/lt\/wp-json\/wp\/v2\/media\/290941"}],"wp:attachment":[{"href":"https:\/\/baldumarket.lt\/lt\/wp-json\/wp\/v2\/media?parent=290940"}],"wp:term":[{"taxonomy":"product_brand","embeddable":true,"href":"https:\/\/baldumarket.lt\/lt\/wp-json\/wp\/v2\/product_brand?post=290940"},{"taxonomy":"product_cat","embeddable":true,"href":"https:\/\/baldumarket.lt\/lt\/wp-json\/wp\/v2\/product_cat?post=290940"},{"taxonomy":"product_tag","embeddable":true,"href":"https:\/\/baldumarket.lt\/lt\/wp-json\/wp\/v2\/product_tag?post=290940"}],"curies":[{"name":"wp","href":"https:\/\/api.w.org\/{rel}","templated":true}]}}