{"id":290930,"date":"2026-01-14T23:45:49","date_gmt":"2026-01-14T20:45:49","guid":{"rendered":"https:\/\/baldumarket.lt\/product\/mebloscianka-maze-ii-biala-asm\/"},"modified":"2026-02-11T18:16:25","modified_gmt":"2026-02-11T15:16:25","slug":"mebloscianka-maze-ii-biala-asm","status":"publish","type":"product","link":"https:\/\/baldumarket.lt\/lt\/product\/mebloscianka-maze-ii-biala-asm\/","title":{"rendered":"\u201eMaze II\u201c sienin\u0117 spintel\u0117, balta ASM"},"content":{"rendered":"<p>Laisvai pastatoma spintel\u0117: atviras vir\u0161us, durel\u0117s apa\u010dioje, viena lentyna gale. Televizoriaus\/radijo spintel\u0117: atvartas kair\u0117je, vienas skyrius gale. Lentyna.<\/p>","protected":false},"excerpt":{"rendered":"<p>Plotis (cm): 200<br \/>\n\u016agis (cm): 170<br \/>\nGylis (cm): 40<\/p>","protected":false},"featured_media":290931,"comment_status":"open","ping_status":"open","template":"","meta":[],"product_brand":[],"product_cat":[9202,2008],"product_tag":[],"class_list":{"0":"post-290930","1":"product","2":"type-product","3":"status-publish","4":"has-post-thumbnail","6":"product_cat-asm","7":"product_cat-wall-units","9":"first","10":"instock","11":"purchasable","12":"product-type-simple"},"_links":{"self":[{"href":"https:\/\/baldumarket.lt\/lt\/wp-json\/wp\/v2\/product\/290930","targetHints":{"allow":["GET"]}}],"collection":[{"href":"https:\/\/baldumarket.lt\/lt\/wp-json\/wp\/v2\/product"}],"about":[{"href":"https:\/\/baldumarket.lt\/lt\/wp-json\/wp\/v2\/types\/product"}],"replies":[{"embeddable":true,"href":"https:\/\/baldumarket.lt\/lt\/wp-json\/wp\/v2\/comments?post=290930"}],"wp:featuredmedia":[{"embeddable":true,"href":"https:\/\/baldumarket.lt\/lt\/wp-json\/wp\/v2\/media\/290931"}],"wp:attachment":[{"href":"https:\/\/baldumarket.lt\/lt\/wp-json\/wp\/v2\/media?parent=290930"}],"wp:term":[{"taxonomy":"product_brand","embeddable":true,"href":"https:\/\/baldumarket.lt\/lt\/wp-json\/wp\/v2\/product_brand?post=290930"},{"taxonomy":"product_cat","embeddable":true,"href":"https:\/\/baldumarket.lt\/lt\/wp-json\/wp\/v2\/product_cat?post=290930"},{"taxonomy":"product_tag","embeddable":true,"href":"https:\/\/baldumarket.lt\/lt\/wp-json\/wp\/v2\/product_tag?post=290930"}],"curies":[{"name":"wp","href":"https:\/\/api.w.org\/{rel}","templated":true}]}}