{"id":290924,"date":"2026-01-14T23:45:44","date_gmt":"2026-01-14T20:45:44","guid":{"rendered":"https:\/\/baldumarket.lt\/product\/mebloscianka-mini-czarna-asm\/"},"modified":"2026-02-11T18:16:25","modified_gmt":"2026-02-11T15:16:25","slug":"mebloscianka-mini-czarna-asm","status":"publish","type":"product","link":"https:\/\/baldumarket.lt\/lt\/product\/mebloscianka-mini-czarna-asm\/","title":{"rendered":"Mini juoda sienin\u0117 spintel\u0117 ASM"},"content":{"rendered":"<p>2 x TV\/radijo vitrinos: 1 atvartas, 2 skyriai viduje. Prapl\u0117timo blokas. Pakabinami vitrinos turi dalinai \u012fstiklintas duris (ant MDF r\u0117mo u\u017eklijuota \u0161ilkografija). Vitrini\u0173 lentyn\u0173 viduje yra: 1 stiklin\u0117 lentyna, 1 vir\u0161utin\u0117 lentyna ir 1 standartin\u0117 lentyna. Vienos vitrinos durel\u0117s atsidaro \u012f kair\u0119, o kitos \u2013 \u012f de\u0161in\u0119. 2 lentynos. Komplekte yra dvigubas m\u0117lynas LED ap\u0161vietimas.<\/p>","protected":false},"excerpt":{"rendered":"<p>Plotis (cm): 200<br \/>\n\u016agis (cm): 190<br \/>\nGylis (cm): 45<\/p>","protected":false},"featured_media":290925,"comment_status":"open","ping_status":"open","template":"","meta":[],"product_brand":[],"product_cat":[9202,2008],"product_tag":[],"class_list":{"0":"post-290924","1":"product","2":"type-product","3":"status-publish","4":"has-post-thumbnail","6":"product_cat-asm","7":"product_cat-wall-units","9":"first","10":"instock","11":"purchasable","12":"product-type-simple"},"_links":{"self":[{"href":"https:\/\/baldumarket.lt\/lt\/wp-json\/wp\/v2\/product\/290924","targetHints":{"allow":["GET"]}}],"collection":[{"href":"https:\/\/baldumarket.lt\/lt\/wp-json\/wp\/v2\/product"}],"about":[{"href":"https:\/\/baldumarket.lt\/lt\/wp-json\/wp\/v2\/types\/product"}],"replies":[{"embeddable":true,"href":"https:\/\/baldumarket.lt\/lt\/wp-json\/wp\/v2\/comments?post=290924"}],"wp:featuredmedia":[{"embeddable":true,"href":"https:\/\/baldumarket.lt\/lt\/wp-json\/wp\/v2\/media\/290925"}],"wp:attachment":[{"href":"https:\/\/baldumarket.lt\/lt\/wp-json\/wp\/v2\/media?parent=290924"}],"wp:term":[{"taxonomy":"product_brand","embeddable":true,"href":"https:\/\/baldumarket.lt\/lt\/wp-json\/wp\/v2\/product_brand?post=290924"},{"taxonomy":"product_cat","embeddable":true,"href":"https:\/\/baldumarket.lt\/lt\/wp-json\/wp\/v2\/product_cat?post=290924"},{"taxonomy":"product_tag","embeddable":true,"href":"https:\/\/baldumarket.lt\/lt\/wp-json\/wp\/v2\/product_tag?post=290924"}],"curies":[{"name":"wp","href":"https:\/\/api.w.org\/{rel}","templated":true}]}}