{"id":290918,"date":"2026-01-14T23:45:40","date_gmt":"2026-01-14T20:45:40","guid":{"rendered":"https:\/\/baldumarket.lt\/product\/mebloscianka-switch-i-lamelowana-szafka-rtv-asm\/"},"modified":"2026-02-11T18:16:26","modified_gmt":"2026-02-11T15:16:26","slug":"mebloscianka-switch-i-lamelowana-szafka-rtv-asm","status":"publish","type":"product","link":"https:\/\/baldumarket.lt\/lt\/product\/mebloscianka-switch-i-lamelowana-szafka-rtv-asm\/","title":{"rendered":"Jungiklis ir ASM laminuota televizoriaus spintel\u0117"},"content":{"rendered":"<p>2 vertikalios sienin\u0117s spintel\u0117s su vienomis durel\u0117mis. 2 lentynos u\u017e dur\u0173. 1 sienin\u0117 televizoriaus spintel\u0117 su vienu atvartu \u2013 viduje 3 skyriai. Frezuotas priekis. 1 kvadratin\u0117 sienin\u0117 spintel\u0117 su vienomis durel\u0117mis \u2013 viduje 1 lentyna. \u012e komplekt\u0105 \u012feina trys lentynos. Durys atsidaro spragtelint. Durys universaliam montavimui.<\/p>","protected":false},"excerpt":{"rendered":"<p>Plotis (cm): 330<br \/>\n\u016agis (cm): 160<br \/>\nGylis (cm): 40<\/p>","protected":false},"featured_media":290919,"comment_status":"open","ping_status":"open","template":"","meta":[],"product_brand":[],"product_cat":[9202,2008],"product_tag":[],"class_list":{"0":"post-290918","1":"product","2":"type-product","3":"status-publish","4":"has-post-thumbnail","6":"product_cat-asm","7":"product_cat-wall-units","9":"first","10":"instock","11":"purchasable","12":"product-type-simple"},"_links":{"self":[{"href":"https:\/\/baldumarket.lt\/lt\/wp-json\/wp\/v2\/product\/290918","targetHints":{"allow":["GET"]}}],"collection":[{"href":"https:\/\/baldumarket.lt\/lt\/wp-json\/wp\/v2\/product"}],"about":[{"href":"https:\/\/baldumarket.lt\/lt\/wp-json\/wp\/v2\/types\/product"}],"replies":[{"embeddable":true,"href":"https:\/\/baldumarket.lt\/lt\/wp-json\/wp\/v2\/comments?post=290918"}],"wp:featuredmedia":[{"embeddable":true,"href":"https:\/\/baldumarket.lt\/lt\/wp-json\/wp\/v2\/media\/290919"}],"wp:attachment":[{"href":"https:\/\/baldumarket.lt\/lt\/wp-json\/wp\/v2\/media?parent=290918"}],"wp:term":[{"taxonomy":"product_brand","embeddable":true,"href":"https:\/\/baldumarket.lt\/lt\/wp-json\/wp\/v2\/product_brand?post=290918"},{"taxonomy":"product_cat","embeddable":true,"href":"https:\/\/baldumarket.lt\/lt\/wp-json\/wp\/v2\/product_cat?post=290918"},{"taxonomy":"product_tag","embeddable":true,"href":"https:\/\/baldumarket.lt\/lt\/wp-json\/wp\/v2\/product_tag?post=290918"}],"curies":[{"name":"wp","href":"https:\/\/api.w.org\/{rel}","templated":true}]}}