{"id":290914,"date":"2026-01-14T23:45:36","date_gmt":"2026-01-14T20:45:36","guid":{"rendered":"https:\/\/baldumarket.lt\/product\/mebloscianka-switch-ii-asm\/"},"modified":"2026-02-11T18:16:26","modified_gmt":"2026-02-11T15:16:26","slug":"mebloscianka-switch-ii-asm","status":"publish","type":"product","link":"https:\/\/baldumarket.lt\/lt\/product\/mebloscianka-switch-ii-asm\/","title":{"rendered":"\u201eSwitch II ASM\u201c sieninis blokas"},"content":{"rendered":"<p>\u012e komplekt\u0105 \u012feina:<br \/>\n2 x vertikalios vitrinos: viengubos durys, u\u017e kuri\u0173 yra 2 standartin\u0117s lentynos (3 skyriai).<br \/>\n2 x televizoriaus spintel\u0117s: varstomos durys su 2 skyriais u\u017e j\u0173.<br \/>\nVitrina: Viengubos durys, u\u017e kuri\u0173 yra viena standartin\u0117 lentyna (2 skyriai).<br \/>\n2 lentynos.<br \/>\nR\u0117mai su ABS apvadais, PVC fasadai su spustel\u0117jimu atidaromi. Universalus dur\u0173 tvirtinimas.<\/p>","protected":false},"excerpt":{"rendered":"<p>Plotis (cm): 270<br \/>\n\u016agis (cm): 160<br \/>\nGylis (cm): 40<\/p>","protected":false},"featured_media":290915,"comment_status":"open","ping_status":"open","template":"","meta":[],"product_brand":[],"product_cat":[9202,2008],"product_tag":[],"class_list":{"0":"post-290914","1":"product","2":"type-product","3":"status-publish","4":"has-post-thumbnail","6":"product_cat-asm","7":"product_cat-wall-units","9":"first","10":"instock","11":"purchasable","12":"product-type-simple"},"_links":{"self":[{"href":"https:\/\/baldumarket.lt\/lt\/wp-json\/wp\/v2\/product\/290914","targetHints":{"allow":["GET"]}}],"collection":[{"href":"https:\/\/baldumarket.lt\/lt\/wp-json\/wp\/v2\/product"}],"about":[{"href":"https:\/\/baldumarket.lt\/lt\/wp-json\/wp\/v2\/types\/product"}],"replies":[{"embeddable":true,"href":"https:\/\/baldumarket.lt\/lt\/wp-json\/wp\/v2\/comments?post=290914"}],"wp:featuredmedia":[{"embeddable":true,"href":"https:\/\/baldumarket.lt\/lt\/wp-json\/wp\/v2\/media\/290915"}],"wp:attachment":[{"href":"https:\/\/baldumarket.lt\/lt\/wp-json\/wp\/v2\/media?parent=290914"}],"wp:term":[{"taxonomy":"product_brand","embeddable":true,"href":"https:\/\/baldumarket.lt\/lt\/wp-json\/wp\/v2\/product_brand?post=290914"},{"taxonomy":"product_cat","embeddable":true,"href":"https:\/\/baldumarket.lt\/lt\/wp-json\/wp\/v2\/product_cat?post=290914"},{"taxonomy":"product_tag","embeddable":true,"href":"https:\/\/baldumarket.lt\/lt\/wp-json\/wp\/v2\/product_tag?post=290914"}],"curies":[{"name":"wp","href":"https:\/\/api.w.org\/{rel}","templated":true}]}}