{"id":290892,"date":"2026-01-14T23:45:19","date_gmt":"2026-01-14T20:45:19","guid":{"rendered":"https:\/\/baldumarket.lt\/product\/mebloscianka-switch-iii-bialy-wotan-asm\/"},"modified":"2026-02-11T18:16:26","modified_gmt":"2026-02-11T15:16:26","slug":"mebloscianka-switch-iii-bialy-wotan-asm","status":"publish","type":"product","link":"https:\/\/baldumarket.lt\/lt\/product\/mebloscianka-switch-iii-bialy-wotan-asm\/","title":{"rendered":"\u201eSwitch III\u201c sienin\u0117 spintel\u0117, balta\/wotan ASM"},"content":{"rendered":"<p>3 vertikalios sienin\u0117s spintel\u0117s su vienomis durel\u0117mis. 2 lentynos u\u017e dur\u0173. 1 sienin\u0117 televizoriaus spintel\u0117 su 1 atvartu \u2013 viduje 3 skyriai. Frezuotas priekis. 1 kvadratin\u0117 sienin\u0117 spintel\u0117 su vienomis durel\u0117mis. 1 lentyna u\u017e dur\u0173. Frezuotas priekis. Durys atsidaro spragtel\u0117jus. Durys skirtos universaliam montavimui.<\/p>","protected":false},"excerpt":{"rendered":"<p>Plotis (cm): 330<br \/>\n\u016agis (cm): 160<br \/>\nGylis (cm): 40<\/p>","protected":false},"featured_media":290893,"comment_status":"open","ping_status":"open","template":"","meta":[],"product_brand":[],"product_cat":[9202,2008],"product_tag":[],"class_list":{"0":"post-290892","1":"product","2":"type-product","3":"status-publish","4":"has-post-thumbnail","6":"product_cat-asm","7":"product_cat-wall-units","9":"first","10":"instock","11":"purchasable","12":"product-type-simple"},"_links":{"self":[{"href":"https:\/\/baldumarket.lt\/lt\/wp-json\/wp\/v2\/product\/290892","targetHints":{"allow":["GET"]}}],"collection":[{"href":"https:\/\/baldumarket.lt\/lt\/wp-json\/wp\/v2\/product"}],"about":[{"href":"https:\/\/baldumarket.lt\/lt\/wp-json\/wp\/v2\/types\/product"}],"replies":[{"embeddable":true,"href":"https:\/\/baldumarket.lt\/lt\/wp-json\/wp\/v2\/comments?post=290892"}],"wp:featuredmedia":[{"embeddable":true,"href":"https:\/\/baldumarket.lt\/lt\/wp-json\/wp\/v2\/media\/290893"}],"wp:attachment":[{"href":"https:\/\/baldumarket.lt\/lt\/wp-json\/wp\/v2\/media?parent=290892"}],"wp:term":[{"taxonomy":"product_brand","embeddable":true,"href":"https:\/\/baldumarket.lt\/lt\/wp-json\/wp\/v2\/product_brand?post=290892"},{"taxonomy":"product_cat","embeddable":true,"href":"https:\/\/baldumarket.lt\/lt\/wp-json\/wp\/v2\/product_cat?post=290892"},{"taxonomy":"product_tag","embeddable":true,"href":"https:\/\/baldumarket.lt\/lt\/wp-json\/wp\/v2\/product_tag?post=290892"}],"curies":[{"name":"wp","href":"https:\/\/api.w.org\/{rel}","templated":true}]}}