{"id":290874,"date":"2026-01-14T23:45:02","date_gmt":"2026-01-14T20:45:02","guid":{"rendered":"https:\/\/baldumarket.lt\/product\/mebloscianka-switch-iii-grafit-czarny-asm\/"},"modified":"2026-02-11T18:16:27","modified_gmt":"2026-02-11T15:16:27","slug":"mebloscianka-switch-iii-grafit-czarny-asm","status":"publish","type":"product","link":"https:\/\/baldumarket.lt\/lt\/product\/mebloscianka-switch-iii-grafit-czarny-asm\/","title":{"rendered":"\u201eSwitch III\u201c sienin\u0117 spintel\u0117 grafito\/juodos spalvos ASM"},"content":{"rendered":"<p>3 x Vertikali vitrina: Viengubos durys, 2 standartin\u0117s lentynos gale (3 skyriai). RTV: Varstoma atsidaranti lentyna, 3 skyriai gale. Vitrina: Viengubos durys, 1 standartin\u0117 lentyna gale (2 skyriai). Korpusai su ABS apvadais, PVC fasadai su spustel\u0117jimu atidaromu mechanizmu. Universalus dur\u0173 tvirtinimas.<\/p>","protected":false},"excerpt":{"rendered":"<p>Plotis (cm): 330<br \/>\n\u016agis (cm): 160<br \/>\nGylis (cm): 40<\/p>","protected":false},"featured_media":290875,"comment_status":"open","ping_status":"open","template":"","meta":[],"product_brand":[],"product_cat":[9202,2008],"product_tag":[],"class_list":{"0":"post-290874","1":"product","2":"type-product","3":"status-publish","4":"has-post-thumbnail","6":"product_cat-asm","7":"product_cat-wall-units","9":"first","10":"instock","11":"purchasable","12":"product-type-simple"},"_links":{"self":[{"href":"https:\/\/baldumarket.lt\/lt\/wp-json\/wp\/v2\/product\/290874","targetHints":{"allow":["GET"]}}],"collection":[{"href":"https:\/\/baldumarket.lt\/lt\/wp-json\/wp\/v2\/product"}],"about":[{"href":"https:\/\/baldumarket.lt\/lt\/wp-json\/wp\/v2\/types\/product"}],"replies":[{"embeddable":true,"href":"https:\/\/baldumarket.lt\/lt\/wp-json\/wp\/v2\/comments?post=290874"}],"wp:featuredmedia":[{"embeddable":true,"href":"https:\/\/baldumarket.lt\/lt\/wp-json\/wp\/v2\/media\/290875"}],"wp:attachment":[{"href":"https:\/\/baldumarket.lt\/lt\/wp-json\/wp\/v2\/media?parent=290874"}],"wp:term":[{"taxonomy":"product_brand","embeddable":true,"href":"https:\/\/baldumarket.lt\/lt\/wp-json\/wp\/v2\/product_brand?post=290874"},{"taxonomy":"product_cat","embeddable":true,"href":"https:\/\/baldumarket.lt\/lt\/wp-json\/wp\/v2\/product_cat?post=290874"},{"taxonomy":"product_tag","embeddable":true,"href":"https:\/\/baldumarket.lt\/lt\/wp-json\/wp\/v2\/product_tag?post=290874"}],"curies":[{"name":"wp","href":"https:\/\/api.w.org\/{rel}","templated":true}]}}