{"id":290872,"date":"2026-01-14T23:45:00","date_gmt":"2026-01-14T20:45:00","guid":{"rendered":"https:\/\/baldumarket.lt\/product\/mebloscianka-switch-iii-grafit-wotan-asm\/"},"modified":"2026-02-11T18:16:27","modified_gmt":"2026-02-11T15:16:27","slug":"mebloscianka-switch-iii-grafit-wotan-asm","status":"publish","type":"product","link":"https:\/\/baldumarket.lt\/lt\/product\/mebloscianka-switch-iii-grafit-wotan-asm\/","title":{"rendered":"\u201eSwitch III\u201c sieninis blokas grafitas\/Wotan ASM"},"content":{"rendered":"<p>3 x vertikalios sienin\u0117s spintel\u0117s su vienomis durel\u0117mis. U\u017e dur\u0173 yra 2 lentynos. 1 x sienin\u0117 televizoriaus spintel\u0117 su vienu atvartu \u2013 viduje 3 skyriai. Frezuotas priekis. 1 x kvadratin\u0117 sienin\u0117 spintel\u0117 su vienomis durel\u0117mis. U\u017e dur\u0173 yra 1 lentyna. Frezuotas priekis. Durys atsidaro spragtel\u0117jus. Durys universaliam montavimui.<\/p>","protected":false},"excerpt":{"rendered":"<p>Plotis (cm): 330<br \/>\n\u016agis (cm): 160<br \/>\nGylis (cm): 40<\/p>","protected":false},"featured_media":290873,"comment_status":"open","ping_status":"open","template":"","meta":[],"product_brand":[],"product_cat":[9202,2008],"product_tag":[],"class_list":{"0":"post-290872","1":"product","2":"type-product","3":"status-publish","4":"has-post-thumbnail","6":"product_cat-asm","7":"product_cat-wall-units","9":"first","10":"instock","11":"purchasable","12":"product-type-simple"},"_links":{"self":[{"href":"https:\/\/baldumarket.lt\/lt\/wp-json\/wp\/v2\/product\/290872","targetHints":{"allow":["GET"]}}],"collection":[{"href":"https:\/\/baldumarket.lt\/lt\/wp-json\/wp\/v2\/product"}],"about":[{"href":"https:\/\/baldumarket.lt\/lt\/wp-json\/wp\/v2\/types\/product"}],"replies":[{"embeddable":true,"href":"https:\/\/baldumarket.lt\/lt\/wp-json\/wp\/v2\/comments?post=290872"}],"wp:featuredmedia":[{"embeddable":true,"href":"https:\/\/baldumarket.lt\/lt\/wp-json\/wp\/v2\/media\/290873"}],"wp:attachment":[{"href":"https:\/\/baldumarket.lt\/lt\/wp-json\/wp\/v2\/media?parent=290872"}],"wp:term":[{"taxonomy":"product_brand","embeddable":true,"href":"https:\/\/baldumarket.lt\/lt\/wp-json\/wp\/v2\/product_brand?post=290872"},{"taxonomy":"product_cat","embeddable":true,"href":"https:\/\/baldumarket.lt\/lt\/wp-json\/wp\/v2\/product_cat?post=290872"},{"taxonomy":"product_tag","embeddable":true,"href":"https:\/\/baldumarket.lt\/lt\/wp-json\/wp\/v2\/product_tag?post=290872"}],"curies":[{"name":"wp","href":"https:\/\/api.w.org\/{rel}","templated":true}]}}